{"id":136,"date":"2021-11-21T06:04:13","date_gmt":"2021-11-21T05:04:13","guid":{"rendered":"https:\/\/muwe.ch\/2021\/?page_id=136"},"modified":"2024-04-02T05:05:13","modified_gmt":"2024-04-02T03:05:13","slug":"zithern-reparaturen","status":"publish","type":"page","link":"https:\/\/muwe.ch\/2021\/zithern-reparaturen\/","title":{"rendered":"Zithern Reparaturen"},"content":{"rendered":"\t\t<div data-elementor-type=\"wp-page\" data-elementor-id=\"136\" class=\"elementor elementor-136\" data-elementor-post-type=\"page\">\n\t\t\t\t\t\t<section class=\"elementor-section elementor-top-section elementor-element elementor-element-5c8d314 elementor-section-boxed elementor-section-height-default elementor-section-height-default\" data-id=\"5c8d314\" data-element_type=\"section\" data-e-type=\"section\">\n\t\t\t\t\t\t<div class=\"elementor-container elementor-column-gap-default\">\n\t\t\t\t\t<div class=\"elementor-column elementor-col-100 elementor-top-column elementor-element elementor-element-5a4b351\" data-id=\"5a4b351\" data-element_type=\"column\" data-e-type=\"column\">\n\t\t\t<div class=\"elementor-widget-wrap elementor-element-populated\">\n\t\t\t\t\t\t<div class=\"elementor-element elementor-element-9f13a2a elementor-widget elementor-widget-text-editor\" data-id=\"9f13a2a\" data-element_type=\"widget\" data-e-type=\"widget\" data-widget_type=\"text-editor.default\">\n\t\t\t\t<div class=\"elementor-widget-container\">\n\t\t\t\t\t\t\t\t\t<h2>Zithern, Reparaturen &amp; Restaurationen<\/h2><h4>Ich habe meine Werkstatt aufgegeben, biete aber immer noch kleinere Dienstleistungen an:<\/h4><ul><li>Instrumente stimmen und einzelne Wirbel ausf\u00fcttern.<\/li><li>einzelne Saiten ersetzen oder verkaufen. Auch Saitens\u00e4tze von handels\u00fcblichen Zithern auf Bestellung<\/li><li>Zithernoten Imola<\/li><li>Zitherspielringe, Stimmschl\u00fcssel<\/li><li>B\u00f6gen f\u00fcr Violinzithern<\/li><li>Und nat\u00fcrlich Betreuung unserer eigenen Instrumente<\/li><\/ul><p>\u00a0<\/p><p>Das Restaurieren und Beurteilen von Zithern habe ich an Herrn M\u00e4rke weitergegeben. Der mit viel Sorgfalt, K\u00f6nnen und Begeisterung sich der Instrumente annimmt. Auch f\u00fcr nicht handels\u00fcbliche Saiten und Wirbel wenden Sie sich bitte an ihn:<\/p><p>Martin M\u00e4rke, Hauptstr. 46, 5075 Hornussen, 079 801 19 80, <a href=\"mailto:akkordzither@gmx.ch\"><strong>akkordzither@gmx.ch<\/strong><\/a><\/p>\t\t\t\t\t\t\t\t<\/div>\n\t\t\t\t<\/div>\n\t\t\t\t\t<\/div>\n\t\t<\/div>\n\t\t\t\t\t<\/div>\n\t\t<\/section>\n\t\t\t\t<section class=\"elementor-section elementor-top-section elementor-element elementor-element-6db6c11 elementor-section-boxed elementor-section-height-default elementor-section-height-default\" data-id=\"6db6c11\" data-element_type=\"section\" data-e-type=\"section\">\n\t\t\t\t\t\t<div class=\"elementor-container elementor-column-gap-default\">\n\t\t\t\t\t<div class=\"elementor-column elementor-col-33 elementor-top-column elementor-element elementor-element-1851115\" data-id=\"1851115\" data-element_type=\"column\" data-e-type=\"column\">\n\t\t\t<div class=\"elementor-widget-wrap elementor-element-populated\">\n\t\t\t\t\t\t<div class=\"elementor-element elementor-element-ae3c940 elementor-widget elementor-widget-image\" data-id=\"ae3c940\" data-element_type=\"widget\" data-e-type=\"widget\" data-widget_type=\"image.default\">\n\t\t\t\t<div class=\"elementor-widget-container\">\n\t\t\t\t\t\t\t\t\t\t\t\t\t\t\t<img fetchpriority=\"high\" decoding=\"async\" width=\"200\" height=\"267\" src=\"https:\/\/muwe.ch\/2021\/wp-content\/uploads\/2021\/11\/zitherocc01.jpg\" class=\"attachment-large size-large wp-image-59\" alt=\"Perfektazither\" \/>\t\t\t\t\t\t\t\t\t\t\t\t\t\t\t<\/div>\n\t\t\t\t<\/div>\n\t\t\t\t\t<\/div>\n\t\t<\/div>\n\t\t\t\t<div class=\"elementor-column elementor-col-66 elementor-top-column elementor-element elementor-element-300cc26\" data-id=\"300cc26\" data-element_type=\"column\" data-e-type=\"column\">\n\t\t\t<div class=\"elementor-widget-wrap elementor-element-populated\">\n\t\t\t\t\t\t<div class=\"elementor-element elementor-element-a4b9f9e elementor-widget elementor-widget-text-editor\" data-id=\"a4b9f9e\" data-element_type=\"widget\" data-e-type=\"widget\" data-widget_type=\"text-editor.default\">\n\t\t\t\t<div class=\"elementor-widget-container\">\n\t\t\t\t\t\t\t\t\t<h3>Alte Zithern<\/h3><p>Sie fanden von Dachb\u00f6den, feuchten Kellern und verborgenen Schr\u00e4nken den Weg in unsere Werkstatt, und wir haben sie kennen und sch\u00e4tzen gelernt. In den vergangenen 30 Jahren haben wir unz\u00e4hlige dieser wunderbaren Instrumente restauriert und wieder zum Erklingen gebracht.<br \/>Es lohnt sich immer, diese Instrumente zu erhalten oder wieder spielbar zu machen, davon sind wir \u00fcberzeugt!<\/p><p><strong>Nun habe ich diese wichtige Aufgabe an Martin M\u00e4rke aus Hornussen abgegeben und er wird mit viel Feingef\u00fchl und Geschick ihr Instrument betreuen und sie beraten.<\/strong><\/p><p>\u00a0<\/p>\t\t\t\t\t\t\t\t<\/div>\n\t\t\t\t<\/div>\n\t\t\t\t\t<\/div>\n\t\t<\/div>\n\t\t\t\t\t<\/div>\n\t\t<\/section>\n\t\t\t\t<section class=\"elementor-section elementor-top-section elementor-element elementor-element-6d6f553 elementor-section-boxed elementor-section-height-default elementor-section-height-default\" data-id=\"6d6f553\" data-element_type=\"section\" data-e-type=\"section\">\n\t\t\t\t\t\t<div class=\"elementor-container elementor-column-gap-default\">\n\t\t\t\t\t<div class=\"elementor-column elementor-col-33 elementor-top-column elementor-element elementor-element-fedfa75\" data-id=\"fedfa75\" data-element_type=\"column\" data-e-type=\"column\">\n\t\t\t<div class=\"elementor-widget-wrap elementor-element-populated\">\n\t\t\t\t\t\t<div class=\"elementor-element elementor-element-f2b8b90 elementor-widget elementor-widget-image\" data-id=\"f2b8b90\" data-element_type=\"widget\" data-e-type=\"widget\" data-widget_type=\"image.default\">\n\t\t\t\t<div class=\"elementor-widget-container\">\n\t\t\t\t\t\t\t\t\t\t\t\t\t\t\t<img decoding=\"async\" width=\"200\" height=\"150\" src=\"https:\/\/muwe.ch\/2021\/wp-content\/uploads\/2021\/11\/zither02.jpg\" class=\"attachment-large size-large wp-image-453\" alt=\"Zither Bemalung\" \/>\t\t\t\t\t\t\t\t\t\t\t\t\t\t\t<\/div>\n\t\t\t\t<\/div>\n\t\t\t\t\t<\/div>\n\t\t<\/div>\n\t\t\t\t<div class=\"elementor-column elementor-col-66 elementor-top-column elementor-element elementor-element-22fbac8\" data-id=\"22fbac8\" data-element_type=\"column\" data-e-type=\"column\">\n\t\t\t<div class=\"elementor-widget-wrap elementor-element-populated\">\n\t\t\t\t\t\t<div class=\"elementor-element elementor-element-a62929c elementor-widget elementor-widget-text-editor\" data-id=\"a62929c\" data-element_type=\"widget\" data-e-type=\"widget\" data-widget_type=\"text-editor.default\">\n\t\t\t\t<div class=\"elementor-widget-container\">\n\t\t\t\t\t\t\t\t\t<h3>Ideelle Wertsch\u00e4tzung<\/h3><p>F\u00fcr viele Menschen haben die alten Zithern einen ideellen Wert, erinnert man sich doch gerne an die kalten Wintertage, wo die Grossmutter, am Kachelofen sitzend, ihrer Zither sch\u00f6ne Kl\u00e4nge entlockte. Diese Instrumente sind oft mit Erinnerungen verbunden und hatten ihren Platz in der Familientradition.<\/p><p><br \/>F\u00fcr uns gibt es diesen ideellen Wert auch, wurden diese Instrumente doch mit grossem handwerklichem Geschick in einer Zeit hergestellt, wo es noch wenig Hektik gab. Die B\u00e4ume waren noch gesund, die H\u00f6lzer wurden nach den Mondphasen ausgelesen und die Instrumentenbauer nahmen sich Zeit f\u00fcr die Details.<br \/>Wir stellen immer wieder fest, dass diese Instrumente ausserordentlich sch\u00f6n und ausgewogen klingen.<\/p><p>\u00a0<\/p><h4>Zustand<\/h4><p>In der Bewertung ist der Zustand des Instrumentes wesentlich: Zustand des Holzk\u00f6rpers (Risse k\u00f6nnen meist gut repariert werden, ohne dass die Qualit\u00e4t beeintr\u00e4chtigt wird. Zustand des Lacks. Sitzfestigkeit der Wirbel (=Stimmbarkeit). Qualit\u00e4t der Saiten (Klang).<\/p><p>Die absch\u00e4tzbaren Restaurationskosten m\u00fcssen ber\u00fccksichtigt werden.<\/p>\t\t\t\t\t\t\t\t<\/div>\n\t\t\t\t<\/div>\n\t\t\t\t\t<\/div>\n\t\t<\/div>\n\t\t\t\t\t<\/div>\n\t\t<\/section>\n\t\t\t\t<section class=\"elementor-section elementor-top-section elementor-element elementor-element-f0dc85f elementor-section-boxed elementor-section-height-default elementor-section-height-default\" data-id=\"f0dc85f\" data-element_type=\"section\" data-e-type=\"section\">\n\t\t\t\t\t\t<div class=\"elementor-container elementor-column-gap-default\">\n\t\t\t\t\t<div class=\"elementor-column elementor-col-33 elementor-top-column elementor-element elementor-element-7adb37e\" data-id=\"7adb37e\" data-element_type=\"column\" data-e-type=\"column\">\n\t\t\t<div class=\"elementor-widget-wrap elementor-element-populated\">\n\t\t\t\t\t\t<div class=\"elementor-element elementor-element-81b3a47 elementor-widget elementor-widget-image\" data-id=\"81b3a47\" data-element_type=\"widget\" data-e-type=\"widget\" data-widget_type=\"image.default\">\n\t\t\t\t<div class=\"elementor-widget-container\">\n\t\t\t\t\t\t\t\t\t\t\t\t\t\t\t<img decoding=\"async\" width=\"200\" height=\"150\" src=\"https:\/\/muwe.ch\/2021\/wp-content\/uploads\/2021\/11\/zither03.jpg\" class=\"attachment-large size-large wp-image-454\" alt=\"Zither Stimmwirbel\" \/>\t\t\t\t\t\t\t\t\t\t\t\t\t\t\t<\/div>\n\t\t\t\t<\/div>\n\t\t\t\t\t<\/div>\n\t\t<\/div>\n\t\t\t\t<div class=\"elementor-column elementor-col-66 elementor-top-column elementor-element elementor-element-1985ea3\" data-id=\"1985ea3\" data-element_type=\"column\" data-e-type=\"column\">\n\t\t\t<div class=\"elementor-widget-wrap elementor-element-populated\">\n\t\t\t\t\t\t<div class=\"elementor-element elementor-element-6cae106 elementor-widget elementor-widget-text-editor\" data-id=\"6cae106\" data-element_type=\"widget\" data-e-type=\"widget\" data-widget_type=\"text-editor.default\">\n\t\t\t\t<div class=\"elementor-widget-container\">\n\t\t\t\t\t\t\t\t\t<h3>Finanzielle Wertsch\u00e4tzung<\/h3><p>Wir wurden oft gefragt, wie hoch der (Geld)-Wert einer solchen Zither denn sei. Dazu k\u00f6nnen wir sagen: diese Instrumente werden nicht zu den Antiquit\u00e4ten gez\u00e4hlt, aber es gibt Liebhaber und Sammler. Liebhaberpreise k\u00f6nnen sehr individuell sein und sind Verhandlungssache.<\/p><p><strong>Da ich die Werkstatt aufgegeben habe und nur noch kleinere Dienstleistungen anbiete, wenden Sie sich an: <\/strong><\/p><p><strong>Martin M\u00e4rke, Hauptstr. 46 5075 Hornussen. 079 801 19 80 \/ <\/strong><a href=\"mailto:akkordzither@gmx.ch\">akkordzither@gmx.ch<\/a><\/p><p>F\u00fcr eine Professionelle Wertsch\u00e4tzung wenden Sie sich an das Zithermuseum in Trachselwald:<\/p><p>Lorenz M\u00fchlemann, 034 431 55 55 \/ <a href=\"mailto:info@zither.ch\">info@zither.ch<\/a><\/p>\t\t\t\t\t\t\t\t<\/div>\n\t\t\t\t<\/div>\n\t\t\t\t\t<\/div>\n\t\t<\/div>\n\t\t\t\t\t<\/div>\n\t\t<\/section>\n\t\t\t\t<section class=\"elementor-section elementor-top-section elementor-element elementor-element-555e8f0 elementor-section-boxed elementor-section-height-default elementor-section-height-default\" data-id=\"555e8f0\" data-element_type=\"section\" data-e-type=\"section\">\n\t\t\t\t\t\t<div class=\"elementor-container elementor-column-gap-default\">\n\t\t\t\t\t<div class=\"elementor-column elementor-col-100 elementor-top-column elementor-element elementor-element-d4e3e4b\" data-id=\"d4e3e4b\" data-element_type=\"column\" data-e-type=\"column\">\n\t\t\t<div class=\"elementor-widget-wrap elementor-element-populated\">\n\t\t\t\t\t\t<div class=\"elementor-element elementor-element-1473565b elementor-widget elementor-widget-text-editor\" data-id=\"1473565b\" data-element_type=\"widget\" data-e-type=\"widget\" data-widget_type=\"text-editor.default\">\n\t\t\t\t<div class=\"elementor-widget-container\">\n\t\t\t\t\t\t\t\t\t<h2><span id=\"page3R_mcid2\" class=\"markedContent\"><span dir=\"ltr\" role=\"presentation\">Alte<\/span> <span dir=\"ltr\" role=\"presentation\">Zithern<\/span><\/span><\/h2><h3><span id=\"page3R_mcid2\" class=\"markedContent\"><\/span><span id=\"page3R_mcid3\" class=\"markedContent\"><span dir=\"ltr\" role=\"presentation\">Informationen zur Wertsch\u00e4tzung, Beu<\/span><span dir=\"ltr\" role=\"presentation\">rteilung, <\/span><span dir=\"ltr\" role=\"presentation\">Restauration und<\/span> <span dir=\"ltr\" role=\"presentation\">Reparatur<\/span><\/span><\/h3><p><a href=\"https:\/\/muwe.ch\/download\/muwe_zithern_rep.pdf\" target=\"_blank\" rel=\"noopener\">&gt; PDF zum herunterladen<\/a><\/p>\t\t\t\t\t\t\t\t<\/div>\n\t\t\t\t<\/div>\n\t\t\t\t\t<\/div>\n\t\t<\/div>\n\t\t\t\t\t<\/div>\n\t\t<\/section>\n\t\t\t\t<section class=\"elementor-section elementor-top-section elementor-element elementor-element-d1cfaf0 elementor-section-boxed elementor-section-height-default elementor-section-height-default\" data-id=\"d1cfaf0\" data-element_type=\"section\" data-e-type=\"section\">\n\t\t\t\t\t\t<div class=\"elementor-container elementor-column-gap-default\">\n\t\t\t\t\t<div class=\"elementor-column elementor-col-100 elementor-top-column elementor-element elementor-element-56f569b\" data-id=\"56f569b\" data-element_type=\"column\" data-e-type=\"column\">\n\t\t\t<div class=\"elementor-widget-wrap elementor-element-populated\">\n\t\t\t\t\t\t<div class=\"elementor-element elementor-element-1c20324 elementor-widget elementor-widget-text-editor\" data-id=\"1c20324\" data-element_type=\"widget\" data-e-type=\"widget\" data-widget_type=\"text-editor.default\">\n\t\t\t\t<div class=\"elementor-widget-container\">\n\t\t\t\t\t\t\t\t\t<h4>F\u00fcr Ihre Anfrage oder Kontaktnahme\u00a0rufen Sie mich bitte an: +41 52 720 79 83<\/h4><p>&#8230;.oder Martin M\u00e4rke, Hauptstr. 46 5075 Hornussen. + 41 79 801 19 80<\/p>\t\t\t\t\t\t\t\t<\/div>\n\t\t\t\t<\/div>\n\t\t\t\t\t<\/div>\n\t\t<\/div>\n\t\t\t\t\t<\/div>\n\t\t<\/section>\n\t\t\t\t<section class=\"elementor-section elementor-top-section elementor-element elementor-element-f7ff83b elementor-section-boxed elementor-section-height-default elementor-section-height-default\" data-id=\"f7ff83b\" data-element_type=\"section\" data-e-type=\"section\">\n\t\t\t\t\t\t<div class=\"elementor-container elementor-column-gap-default\">\n\t\t\t\t\t<div class=\"elementor-column elementor-col-100 elementor-top-column elementor-element elementor-element-c7eaec5\" data-id=\"c7eaec5\" data-element_type=\"column\" data-e-type=\"column\">\n\t\t\t<div class=\"elementor-widget-wrap elementor-element-populated\">\n\t\t\t\t\t\t<div class=\"elementor-element elementor-element-03e94ce elementor-widget elementor-widget-spacer\" data-id=\"03e94ce\" data-element_type=\"widget\" data-e-type=\"widget\" data-widget_type=\"spacer.default\">\n\t\t\t\t<div class=\"elementor-widget-container\">\n\t\t\t\t\t\t\t<div class=\"elementor-spacer\">\n\t\t\t<div class=\"elementor-spacer-inner\"><\/div>\n\t\t<\/div>\n\t\t\t\t\t\t<\/div>\n\t\t\t\t<\/div>\n\t\t\t\t\t<\/div>\n\t\t<\/div>\n\t\t\t\t\t<\/div>\n\t\t<\/section>\n\t\t\t\t<\/div>\n\t\t","protected":false},"excerpt":{"rendered":"<p>Zithern, Reparaturen &amp; Restaurationen Ich habe meine Werkstatt aufgegeben, biete aber immer noch kleinere Dienstleistungen an: Instrumente stimmen und einzelne Wirbel ausf\u00fcttern. einzelne Saiten ersetzen oder verkaufen. Auch Saitens\u00e4tze von handels\u00fcblichen Zithern auf Bestellung Zithernoten Imola Zitherspielringe, Stimmschl\u00fcssel B\u00f6gen f\u00fcr Violinzithern Und nat\u00fcrlich Betreuung unserer eigenen Instrumente \u00a0 Das Restaurieren und Beurteilen von Zithern habe [&hellip;]<\/p>\n","protected":false},"author":1,"featured_media":0,"parent":0,"menu_order":0,"comment_status":"closed","ping_status":"closed","template":"","meta":{"footnotes":""},"class_list":["post-136","page","type-page","status-publish","hentry"],"yoast_head":"<!-- This site is optimized with the Yoast SEO plugin v27.4 - https:\/\/yoast.com\/product\/yoast-seo-wordpress\/ -->\n<title>Zithern Reparaturen Restaurationen Musikwerkstatt Frauenfeld<\/title>\n<meta name=\"description\" content=\"Alte Zithern, Ideelle Wertsch\u00e4tzung, Finanzielle Wertsch\u00e4tzung, wir begutachten, restaurieren und reparieren Ihr weltvolles Instrument\" \/>\n<meta name=\"robots\" content=\"index, follow, max-snippet:-1, max-image-preview:large, max-video-preview:-1\" \/>\n<link rel=\"canonical\" href=\"https:\/\/muwe.ch\/2021\/zithern-reparaturen\/\" \/>\n<meta property=\"og:locale\" content=\"de_DE\" \/>\n<meta property=\"og:type\" content=\"article\" \/>\n<meta property=\"og:title\" content=\"Musikwerkstatt Frauenfeld\" \/>\n<meta property=\"og:description\" content=\"Alte Zithern, Ideelle Wertsch\u00e4tzung, Finanzielle Wertsch\u00e4tzung, wir begutachten, restaurieren und reparieren Ihr weltvolles Instrument\" \/>\n<meta property=\"og:url\" content=\"https:\/\/muwe.ch\/2021\/zithern-reparaturen\/\" \/>\n<meta property=\"og:site_name\" content=\"Musikwerkstatt Frauenfeld\" \/>\n<meta property=\"article:modified_time\" content=\"2024-04-02T03:05:13+00:00\" \/>\n<meta property=\"og:image\" content=\"https:\/\/muwe.ch\/2021\/wp-content\/uploads\/2021\/11\/zitherocc01.jpg\" \/>\n\t<meta property=\"og:image:width\" content=\"200\" \/>\n\t<meta property=\"og:image:height\" content=\"267\" \/>\n\t<meta property=\"og:image:type\" content=\"image\/jpeg\" \/>\n<meta name=\"twitter:card\" content=\"summary_large_image\" \/>\n<meta name=\"twitter:title\" content=\"Musikwerkstatt Frauenfeld\" \/>\n<meta name=\"twitter:description\" content=\"Alte Zithern, Ideelle Wertsch\u00e4tzung, Finanzielle Wertsch\u00e4tzung, wir begutachten, restaurieren und reparieren Ihr weltvolles Instrument\" \/>\n<meta name=\"twitter:image\" content=\"https:\/\/muwe.ch\/2021\/wp-content\/uploads\/2021\/11\/zitherocc01.jpg\" \/>\n<meta name=\"twitter:label1\" content=\"Gesch\u00e4tzte Lesezeit\" \/>\n\t<meta name=\"twitter:data1\" content=\"4\u00a0Minuten\" \/>\n<script type=\"application\/ld+json\" class=\"yoast-schema-graph\">{\"@context\":\"https:\\\/\\\/schema.org\",\"@graph\":[{\"@type\":\"WebPage\",\"@id\":\"https:\\\/\\\/muwe.ch\\\/2021\\\/zithern-reparaturen\\\/\",\"url\":\"https:\\\/\\\/muwe.ch\\\/2021\\\/zithern-reparaturen\\\/\",\"name\":\"Zithern Reparaturen Restaurationen Musikwerkstatt Frauenfeld\",\"isPartOf\":{\"@id\":\"https:\\\/\\\/muwe.ch\\\/2021\\\/#website\"},\"primaryImageOfPage\":{\"@id\":\"https:\\\/\\\/muwe.ch\\\/2021\\\/zithern-reparaturen\\\/#primaryimage\"},\"image\":{\"@id\":\"https:\\\/\\\/muwe.ch\\\/2021\\\/zithern-reparaturen\\\/#primaryimage\"},\"thumbnailUrl\":\"https:\\\/\\\/muwe.ch\\\/2021\\\/wp-content\\\/uploads\\\/2021\\\/11\\\/zitherocc01.jpg\",\"datePublished\":\"2021-11-21T05:04:13+00:00\",\"dateModified\":\"2024-04-02T03:05:13+00:00\",\"description\":\"Alte Zithern, Ideelle Wertsch\u00e4tzung, Finanzielle Wertsch\u00e4tzung, wir begutachten, restaurieren und reparieren Ihr weltvolles Instrument\",\"breadcrumb\":{\"@id\":\"https:\\\/\\\/muwe.ch\\\/2021\\\/zithern-reparaturen\\\/#breadcrumb\"},\"inLanguage\":\"de\",\"potentialAction\":[{\"@type\":\"ReadAction\",\"target\":[\"https:\\\/\\\/muwe.ch\\\/2021\\\/zithern-reparaturen\\\/\"]}]},{\"@type\":\"ImageObject\",\"inLanguage\":\"de\",\"@id\":\"https:\\\/\\\/muwe.ch\\\/2021\\\/zithern-reparaturen\\\/#primaryimage\",\"url\":\"https:\\\/\\\/muwe.ch\\\/2021\\\/wp-content\\\/uploads\\\/2021\\\/11\\\/zitherocc01.jpg\",\"contentUrl\":\"https:\\\/\\\/muwe.ch\\\/2021\\\/wp-content\\\/uploads\\\/2021\\\/11\\\/zitherocc01.jpg\",\"width\":200,\"height\":267,\"caption\":\"Perfektazither\"},{\"@type\":\"BreadcrumbList\",\"@id\":\"https:\\\/\\\/muwe.ch\\\/2021\\\/zithern-reparaturen\\\/#breadcrumb\",\"itemListElement\":[{\"@type\":\"ListItem\",\"position\":1,\"name\":\"Startseite\",\"item\":\"https:\\\/\\\/muwe.ch\\\/2021\\\/\"},{\"@type\":\"ListItem\",\"position\":2,\"name\":\"Zithern Reparaturen\"}]},{\"@type\":\"WebSite\",\"@id\":\"https:\\\/\\\/muwe.ch\\\/2021\\\/#website\",\"url\":\"https:\\\/\\\/muwe.ch\\\/2021\\\/\",\"name\":\"Musikwerkstatt Frauenfeld\",\"description\":\"Instrumenten Ausverkauf\",\"potentialAction\":[{\"@type\":\"SearchAction\",\"target\":{\"@type\":\"EntryPoint\",\"urlTemplate\":\"https:\\\/\\\/muwe.ch\\\/2021\\\/?s={search_term_string}\"},\"query-input\":{\"@type\":\"PropertyValueSpecification\",\"valueRequired\":true,\"valueName\":\"search_term_string\"}}],\"inLanguage\":\"de\"}]}<\/script>\n<!-- \/ Yoast SEO plugin. -->","yoast_head_json":{"title":"Zithern Reparaturen Restaurationen Musikwerkstatt Frauenfeld","description":"Alte Zithern, Ideelle Wertsch\u00e4tzung, Finanzielle Wertsch\u00e4tzung, wir begutachten, restaurieren und reparieren Ihr weltvolles Instrument","robots":{"index":"index","follow":"follow","max-snippet":"max-snippet:-1","max-image-preview":"max-image-preview:large","max-video-preview":"max-video-preview:-1"},"canonical":"https:\/\/muwe.ch\/2021\/zithern-reparaturen\/","og_locale":"de_DE","og_type":"article","og_title":"Musikwerkstatt Frauenfeld","og_description":"Alte Zithern, Ideelle Wertsch\u00e4tzung, Finanzielle Wertsch\u00e4tzung, wir begutachten, restaurieren und reparieren Ihr weltvolles Instrument","og_url":"https:\/\/muwe.ch\/2021\/zithern-reparaturen\/","og_site_name":"Musikwerkstatt Frauenfeld","article_modified_time":"2024-04-02T03:05:13+00:00","og_image":[{"width":200,"height":267,"url":"https:\/\/muwe.ch\/2021\/wp-content\/uploads\/2021\/11\/zitherocc01.jpg","type":"image\/jpeg"}],"twitter_card":"summary_large_image","twitter_title":"Musikwerkstatt Frauenfeld","twitter_description":"Alte Zithern, Ideelle Wertsch\u00e4tzung, Finanzielle Wertsch\u00e4tzung, wir begutachten, restaurieren und reparieren Ihr weltvolles Instrument","twitter_image":"https:\/\/muwe.ch\/2021\/wp-content\/uploads\/2021\/11\/zitherocc01.jpg","twitter_misc":{"Gesch\u00e4tzte Lesezeit":"4\u00a0Minuten"},"schema":{"@context":"https:\/\/schema.org","@graph":[{"@type":"WebPage","@id":"https:\/\/muwe.ch\/2021\/zithern-reparaturen\/","url":"https:\/\/muwe.ch\/2021\/zithern-reparaturen\/","name":"Zithern Reparaturen Restaurationen Musikwerkstatt Frauenfeld","isPartOf":{"@id":"https:\/\/muwe.ch\/2021\/#website"},"primaryImageOfPage":{"@id":"https:\/\/muwe.ch\/2021\/zithern-reparaturen\/#primaryimage"},"image":{"@id":"https:\/\/muwe.ch\/2021\/zithern-reparaturen\/#primaryimage"},"thumbnailUrl":"https:\/\/muwe.ch\/2021\/wp-content\/uploads\/2021\/11\/zitherocc01.jpg","datePublished":"2021-11-21T05:04:13+00:00","dateModified":"2024-04-02T03:05:13+00:00","description":"Alte Zithern, Ideelle Wertsch\u00e4tzung, Finanzielle Wertsch\u00e4tzung, wir begutachten, restaurieren und reparieren Ihr weltvolles Instrument","breadcrumb":{"@id":"https:\/\/muwe.ch\/2021\/zithern-reparaturen\/#breadcrumb"},"inLanguage":"de","potentialAction":[{"@type":"ReadAction","target":["https:\/\/muwe.ch\/2021\/zithern-reparaturen\/"]}]},{"@type":"ImageObject","inLanguage":"de","@id":"https:\/\/muwe.ch\/2021\/zithern-reparaturen\/#primaryimage","url":"https:\/\/muwe.ch\/2021\/wp-content\/uploads\/2021\/11\/zitherocc01.jpg","contentUrl":"https:\/\/muwe.ch\/2021\/wp-content\/uploads\/2021\/11\/zitherocc01.jpg","width":200,"height":267,"caption":"Perfektazither"},{"@type":"BreadcrumbList","@id":"https:\/\/muwe.ch\/2021\/zithern-reparaturen\/#breadcrumb","itemListElement":[{"@type":"ListItem","position":1,"name":"Startseite","item":"https:\/\/muwe.ch\/2021\/"},{"@type":"ListItem","position":2,"name":"Zithern Reparaturen"}]},{"@type":"WebSite","@id":"https:\/\/muwe.ch\/2021\/#website","url":"https:\/\/muwe.ch\/2021\/","name":"Musikwerkstatt Frauenfeld","description":"Instrumenten Ausverkauf","potentialAction":[{"@type":"SearchAction","target":{"@type":"EntryPoint","urlTemplate":"https:\/\/muwe.ch\/2021\/?s={search_term_string}"},"query-input":{"@type":"PropertyValueSpecification","valueRequired":true,"valueName":"search_term_string"}}],"inLanguage":"de"}]}},"_links":{"self":[{"href":"https:\/\/muwe.ch\/2021\/wp-json\/wp\/v2\/pages\/136","targetHints":{"allow":["GET"]}}],"collection":[{"href":"https:\/\/muwe.ch\/2021\/wp-json\/wp\/v2\/pages"}],"about":[{"href":"https:\/\/muwe.ch\/2021\/wp-json\/wp\/v2\/types\/page"}],"author":[{"embeddable":true,"href":"https:\/\/muwe.ch\/2021\/wp-json\/wp\/v2\/users\/1"}],"replies":[{"embeddable":true,"href":"https:\/\/muwe.ch\/2021\/wp-json\/wp\/v2\/comments?post=136"}],"version-history":[{"count":50,"href":"https:\/\/muwe.ch\/2021\/wp-json\/wp\/v2\/pages\/136\/revisions"}],"predecessor-version":[{"id":1865,"href":"https:\/\/muwe.ch\/2021\/wp-json\/wp\/v2\/pages\/136\/revisions\/1865"}],"wp:attachment":[{"href":"https:\/\/muwe.ch\/2021\/wp-json\/wp\/v2\/media?parent=136"}],"curies":[{"name":"wp","href":"https:\/\/api.w.org\/{rel}","templated":true}]}}