{"id":140,"date":"2021-11-21T06:04:46","date_gmt":"2021-11-21T05:04:46","guid":{"rendered":"https:\/\/muwe.ch\/2021\/?page_id=140"},"modified":"2022-09-13T11:24:14","modified_gmt":"2022-09-13T09:24:14","slug":"impressum","status":"publish","type":"page","link":"https:\/\/muwe.ch\/2021\/impressum\/","title":{"rendered":"Impressum"},"content":{"rendered":"\t\t<div data-elementor-type=\"wp-page\" data-elementor-id=\"140\" class=\"elementor elementor-140\" data-elementor-post-type=\"page\">\n\t\t\t\t\t\t<section class=\"elementor-section elementor-top-section elementor-element elementor-element-af398fb elementor-section-boxed elementor-section-height-default elementor-section-height-default\" data-id=\"af398fb\" data-element_type=\"section\" data-e-type=\"section\">\n\t\t\t\t\t\t<div class=\"elementor-container elementor-column-gap-default\">\n\t\t\t\t\t<div class=\"elementor-column elementor-col-100 elementor-top-column elementor-element elementor-element-9e91543\" data-id=\"9e91543\" data-element_type=\"column\" data-e-type=\"column\">\n\t\t\t<div class=\"elementor-widget-wrap elementor-element-populated\">\n\t\t\t\t\t\t<div class=\"elementor-element elementor-element-4d7260c elementor-widget elementor-widget-text-editor\" data-id=\"4d7260c\" data-element_type=\"widget\" data-e-type=\"widget\" data-widget_type=\"text-editor.default\">\n\t\t\t\t<div class=\"elementor-widget-container\">\n\t\t\t\t\t\t\t\t\t<h2>Impressum Datenschutz<\/h2>\t\t\t\t\t\t\t\t<\/div>\n\t\t\t\t<\/div>\n\t\t\t\t\t<\/div>\n\t\t<\/div>\n\t\t\t\t\t<\/div>\n\t\t<\/section>\n\t\t\t\t<section class=\"elementor-section elementor-top-section elementor-element elementor-element-00f4e41 elementor-section-boxed elementor-section-height-default elementor-section-height-default\" data-id=\"00f4e41\" data-element_type=\"section\" data-e-type=\"section\">\n\t\t\t\t\t\t<div class=\"elementor-container elementor-column-gap-default\">\n\t\t\t\t\t<div class=\"elementor-column elementor-col-100 elementor-top-column elementor-element elementor-element-f0510a2\" data-id=\"f0510a2\" data-element_type=\"column\" data-e-type=\"column\">\n\t\t\t<div class=\"elementor-widget-wrap elementor-element-populated\">\n\t\t\t\t\t\t<div class=\"elementor-element elementor-element-033b429 elementor-widget elementor-widget-text-editor\" data-id=\"033b429\" data-element_type=\"widget\" data-e-type=\"widget\" data-widget_type=\"text-editor.default\">\n\t\t\t\t<div class=\"elementor-widget-container\">\n\t\t\t\t\t\t\t\t\t<h3>Impressum<\/h3><p>Musikwerkstatt Frauenfeld<br \/>Maiholzstrasse 40<br \/>8500 Frauenfeld TG<br \/>Schweiz<br \/>Handelregisternummer: <br \/>CH-440.1.011.890.7<\/p><p>E-Mail: <a href=\"mailto:info@muwe.ch\">info@muwe.ch<\/a><\/p><p>F\u00fcr den Inhalt verantwortlich: <br \/>Elisabeth Reinhard<br \/>Bildnachweis<br \/>Quellen Foto:<br \/>Musikwerkstatt Elisabeth Reinhard<\/p><h2>Datenschutzerkl\u00e4rung Musikwerkstatt Sirnach<\/h2><p>Verantwortliche Stelle im Sinne der Datenschutzgesetze, insbesondere der EU-Datenschutzgrundverordnung (DSGVO), ist:<\/p><p>Musikwerkstatt Frauenfeld<br \/>Maiholzstrasse 40<br \/>8500 Frauenfeld TG<br \/>Schweiz<\/p><p>E-Mail: <a href=\"mailto:info@muwe.ch\">info@muwe.ch<\/a><\/p><p>Elisabeth Reinhard<\/p><h3>Allgemeiner Hinweis<\/h3><p>Gest\u00fctzt auf Artikel 13 der schweizerischen Bundesverfassung und den datenschutzrechtlichen Bestimmungen des Bundes (Datenschutzgesetz, DSG) hat jede Person Anspruch auf Schutz ihrer Privatsph\u00e4re sowie auf Schutz vor Missbrauch ihrer pers\u00f6nlichen Daten. Die Betreiber dieser Seiten nehmen den Schutz Ihrer pers\u00f6nlichen Daten sehr ernst. Wir behandeln Ihre personenbezogenen Daten vertraulich und entsprechend der gesetzlichen Datenschutzvorschriften sowie dieser Datenschutzerkl\u00e4rung.<\/p><p>In Zusammenarbeit mit unseren Hosting-Providern bem\u00fchen wir uns, die Datenbanken so gut wie m\u00f6glich vor fremden Zugriffen, Verlusten, Missbrauch oder vor F\u00e4lschung zu sch\u00fctzen.<\/p><p>Wir weisen darauf hin, dass die Daten\u00fcbertragung im Internet (z.B. bei der Kommunikation per E-Mail) Sicherheitsl\u00fccken aufweisen kann. Ein l\u00fcckenloser Schutz der Daten vor dem Zugriff durch Dritte ist nicht m\u00f6glich.<\/p><p>Durch die Nutzung dieser Website erkl\u00e4ren Sie sich mit der Erhebung, Verarbeitung und Nutzung von Daten gem\u00e4ss der nachfolgenden Beschreibung einverstanden. Diese Website kann grunds\u00e4tzlich ohne Registrierung besucht werden. Dabei werden Daten wie beispielsweise aufgerufene Seiten bzw. Namen der abgerufenen Datei, Datum und Uhrzeit zu statistischen Zwecken auf dem Server gespeichert, ohne dass diese Daten unmittelbar auf Ihre Person bezogen werden. Personenbezogene Daten, insbesondere Name, Adresse oder E-Mail-Adresse werden soweit m\u00f6glich auf freiwilliger Basis erhoben. Ohne Ihre Einwilligung erfolgt keine Weitergabe der Daten an Dritte.<\/p><h2>Datenschutzerkl\u00e4rung f\u00fcr Kontaktformular<\/h2><p>Wenn Sie uns per Kontaktformular Anfragen zukommen lassen, werden Ihre Angaben aus dem Anfrageformular inklusive der von Ihnen dort angegebenen Kontaktdaten zwecks Bearbeitung der Anfrage und f\u00fcr den Fall von Anschlussfragen bei uns gespeichert. Diese Daten geben wir nicht ohne Ihre Einwilligung weiter.<\/p><h3>\u00c4nderungen<\/h3><p>Wir k\u00f6nnen diese Datenschutzerkl\u00e4rung jederzeit ohne Vorank\u00fcndigung anpassen. Es gilt die jeweils aktuelle, auf unserer Website publizierte Fassung. Soweit die Datenschutzerkl\u00e4rung Teil einer Vereinbarung mit Ihnen ist, werden wir Sie im Falle einer Aktualisierung \u00fcber die \u00c4nderung per E-Mail oder auf andere geeignete Weise informieren.<\/p><h2>Fragen an den Datenschutzbeauftragten<\/h2><p>Wenn Sie Fragen zum Datenschutz haben, schreiben Sie uns bitte eine E-Mail oder wenden Sie sich direkt an die f\u00fcr den Datenschutz zu Beginn der Datenschutzerkl\u00e4rung aufgef\u00fchrten, verantwortlichen Person in unserer Organisation.<\/p><h3>13.09.2022<br \/>Quelle: <a href=\"https:\/\/www.swissanwalt.ch\">SwissAnwalt<\/a><\/h3>\t\t\t\t\t\t\t\t<\/div>\n\t\t\t\t<\/div>\n\t\t\t\t\t<\/div>\n\t\t<\/div>\n\t\t\t\t\t<\/div>\n\t\t<\/section>\n\t\t\t\t<\/div>\n\t\t","protected":false},"excerpt":{"rendered":"<p>Impressum Datenschutz Impressum Musikwerkstatt FrauenfeldMaiholzstrasse 408500 Frauenfeld TGSchweizHandelregisternummer: CH-440.1.011.890.7 E-Mail: info@muwe.ch F\u00fcr den Inhalt verantwortlich: Elisabeth ReinhardBildnachweisQuellen Foto:Musikwerkstatt Elisabeth Reinhard Datenschutzerkl\u00e4rung Musikwerkstatt Sirnach Verantwortliche Stelle im Sinne der Datenschutzgesetze, insbesondere der EU-Datenschutzgrundverordnung (DSGVO), ist: Musikwerkstatt FrauenfeldMaiholzstrasse 408500 Frauenfeld TGSchweiz E-Mail: info@muwe.ch Elisabeth Reinhard Allgemeiner Hinweis Gest\u00fctzt auf Artikel 13 der schweizerischen Bundesverfassung und den datenschutzrechtlichen [&hellip;]<\/p>\n","protected":false},"author":1,"featured_media":0,"parent":0,"menu_order":0,"comment_status":"closed","ping_status":"closed","template":"","meta":{"footnotes":""},"class_list":["post-140","page","type-page","status-publish","hentry"],"yoast_head":"<!-- This site is optimized with the Yoast SEO plugin v27.4 - https:\/\/yoast.com\/product\/yoast-seo-wordpress\/ -->\n<title>Impressum Datenschutz Musikwerkstatt Frauenfeld<\/title>\n<meta name=\"description\" content=\"Verantwortliche Stelle im Sinne der Datenschutzgesetze (DSGVO), ist: Musikwerkstatt Sirnach, Fischingerstrasse 34, 8370 Sirnach TG, Schweiz\" \/>\n<meta name=\"robots\" content=\"index, follow, max-snippet:-1, max-image-preview:large, max-video-preview:-1\" \/>\n<link rel=\"canonical\" href=\"https:\/\/muwe.ch\/2021\/impressum\/\" \/>\n<meta property=\"og:locale\" content=\"de_DE\" \/>\n<meta property=\"og:type\" content=\"article\" \/>\n<meta property=\"og:title\" content=\"Musikwerkstatt Frauenfeld\" \/>\n<meta property=\"og:description\" content=\"Verantwortliche Stelle im Sinne der Datenschutzgesetze (DSGVO), ist: Musikwerkstatt Sirnach, Fischingerstrasse 34, 8370 Sirnach TG, Schweiz\" \/>\n<meta property=\"og:url\" content=\"https:\/\/muwe.ch\/2021\/impressum\/\" \/>\n<meta property=\"og:site_name\" content=\"Musikwerkstatt Frauenfeld\" \/>\n<meta property=\"article:modified_time\" content=\"2022-09-13T09:24:14+00:00\" \/>\n<meta property=\"og:image\" content=\"https:\/\/muwe.ch\/2021\/wp-content\/uploads\/2021\/11\/werkstatt01.jpg\" \/>\n\t<meta property=\"og:image:width\" content=\"350\" \/>\n\t<meta property=\"og:image:height\" content=\"263\" \/>\n\t<meta property=\"og:image:type\" content=\"image\/jpeg\" \/>\n<meta name=\"twitter:card\" content=\"summary_large_image\" \/>\n<meta name=\"twitter:title\" content=\"Musikwerkstatt Frauenfeld\" \/>\n<meta name=\"twitter:description\" content=\"Verantwortliche Stelle im Sinne der Datenschutzgesetze (DSGVO), ist: Musikwerkstatt Sirnach, Fischingerstrasse 34, 8370 Sirnach TG, Schweiz\" \/>\n<meta name=\"twitter:image\" content=\"https:\/\/muwe.ch\/2021\/wp-content\/uploads\/2021\/11\/gesch_ws04.jpg\" \/>\n<meta name=\"twitter:label1\" content=\"Gesch\u00e4tzte Lesezeit\" \/>\n\t<meta name=\"twitter:data1\" content=\"3\u00a0Minuten\" \/>\n<script type=\"application\/ld+json\" class=\"yoast-schema-graph\">{\"@context\":\"https:\\\/\\\/schema.org\",\"@graph\":[{\"@type\":\"WebPage\",\"@id\":\"https:\\\/\\\/muwe.ch\\\/2021\\\/impressum\\\/\",\"url\":\"https:\\\/\\\/muwe.ch\\\/2021\\\/impressum\\\/\",\"name\":\"Impressum Datenschutz Musikwerkstatt Frauenfeld\",\"isPartOf\":{\"@id\":\"https:\\\/\\\/muwe.ch\\\/2021\\\/#website\"},\"datePublished\":\"2021-11-21T05:04:46+00:00\",\"dateModified\":\"2022-09-13T09:24:14+00:00\",\"description\":\"Verantwortliche Stelle im Sinne der Datenschutzgesetze (DSGVO), ist: Musikwerkstatt Sirnach, Fischingerstrasse 34, 8370 Sirnach TG, Schweiz\",\"breadcrumb\":{\"@id\":\"https:\\\/\\\/muwe.ch\\\/2021\\\/impressum\\\/#breadcrumb\"},\"inLanguage\":\"de\",\"potentialAction\":[{\"@type\":\"ReadAction\",\"target\":[\"https:\\\/\\\/muwe.ch\\\/2021\\\/impressum\\\/\"]}]},{\"@type\":\"BreadcrumbList\",\"@id\":\"https:\\\/\\\/muwe.ch\\\/2021\\\/impressum\\\/#breadcrumb\",\"itemListElement\":[{\"@type\":\"ListItem\",\"position\":1,\"name\":\"Startseite\",\"item\":\"https:\\\/\\\/muwe.ch\\\/2021\\\/\"},{\"@type\":\"ListItem\",\"position\":2,\"name\":\"Impressum\"}]},{\"@type\":\"WebSite\",\"@id\":\"https:\\\/\\\/muwe.ch\\\/2021\\\/#website\",\"url\":\"https:\\\/\\\/muwe.ch\\\/2021\\\/\",\"name\":\"Musikwerkstatt Frauenfeld\",\"description\":\"Instrumenten Ausverkauf\",\"potentialAction\":[{\"@type\":\"SearchAction\",\"target\":{\"@type\":\"EntryPoint\",\"urlTemplate\":\"https:\\\/\\\/muwe.ch\\\/2021\\\/?s={search_term_string}\"},\"query-input\":{\"@type\":\"PropertyValueSpecification\",\"valueRequired\":true,\"valueName\":\"search_term_string\"}}],\"inLanguage\":\"de\"}]}<\/script>\n<!-- \/ Yoast SEO plugin. -->","yoast_head_json":{"title":"Impressum Datenschutz Musikwerkstatt Frauenfeld","description":"Verantwortliche Stelle im Sinne der Datenschutzgesetze (DSGVO), ist: Musikwerkstatt Sirnach, Fischingerstrasse 34, 8370 Sirnach TG, Schweiz","robots":{"index":"index","follow":"follow","max-snippet":"max-snippet:-1","max-image-preview":"max-image-preview:large","max-video-preview":"max-video-preview:-1"},"canonical":"https:\/\/muwe.ch\/2021\/impressum\/","og_locale":"de_DE","og_type":"article","og_title":"Musikwerkstatt Frauenfeld","og_description":"Verantwortliche Stelle im Sinne der Datenschutzgesetze (DSGVO), ist: Musikwerkstatt Sirnach, Fischingerstrasse 34, 8370 Sirnach TG, Schweiz","og_url":"https:\/\/muwe.ch\/2021\/impressum\/","og_site_name":"Musikwerkstatt Frauenfeld","article_modified_time":"2022-09-13T09:24:14+00:00","og_image":[{"width":350,"height":263,"url":"https:\/\/muwe.ch\/2021\/wp-content\/uploads\/2021\/11\/werkstatt01.jpg","type":"image\/jpeg"}],"twitter_card":"summary_large_image","twitter_title":"Musikwerkstatt Frauenfeld","twitter_description":"Verantwortliche Stelle im Sinne der Datenschutzgesetze (DSGVO), ist: Musikwerkstatt Sirnach, Fischingerstrasse 34, 8370 Sirnach TG, Schweiz","twitter_image":"https:\/\/muwe.ch\/2021\/wp-content\/uploads\/2021\/11\/gesch_ws04.jpg","twitter_misc":{"Gesch\u00e4tzte Lesezeit":"3\u00a0Minuten"},"schema":{"@context":"https:\/\/schema.org","@graph":[{"@type":"WebPage","@id":"https:\/\/muwe.ch\/2021\/impressum\/","url":"https:\/\/muwe.ch\/2021\/impressum\/","name":"Impressum Datenschutz Musikwerkstatt Frauenfeld","isPartOf":{"@id":"https:\/\/muwe.ch\/2021\/#website"},"datePublished":"2021-11-21T05:04:46+00:00","dateModified":"2022-09-13T09:24:14+00:00","description":"Verantwortliche Stelle im Sinne der Datenschutzgesetze (DSGVO), ist: Musikwerkstatt Sirnach, Fischingerstrasse 34, 8370 Sirnach TG, Schweiz","breadcrumb":{"@id":"https:\/\/muwe.ch\/2021\/impressum\/#breadcrumb"},"inLanguage":"de","potentialAction":[{"@type":"ReadAction","target":["https:\/\/muwe.ch\/2021\/impressum\/"]}]},{"@type":"BreadcrumbList","@id":"https:\/\/muwe.ch\/2021\/impressum\/#breadcrumb","itemListElement":[{"@type":"ListItem","position":1,"name":"Startseite","item":"https:\/\/muwe.ch\/2021\/"},{"@type":"ListItem","position":2,"name":"Impressum"}]},{"@type":"WebSite","@id":"https:\/\/muwe.ch\/2021\/#website","url":"https:\/\/muwe.ch\/2021\/","name":"Musikwerkstatt Frauenfeld","description":"Instrumenten Ausverkauf","potentialAction":[{"@type":"SearchAction","target":{"@type":"EntryPoint","urlTemplate":"https:\/\/muwe.ch\/2021\/?s={search_term_string}"},"query-input":{"@type":"PropertyValueSpecification","valueRequired":true,"valueName":"search_term_string"}}],"inLanguage":"de"}]}},"_links":{"self":[{"href":"https:\/\/muwe.ch\/2021\/wp-json\/wp\/v2\/pages\/140","targetHints":{"allow":["GET"]}}],"collection":[{"href":"https:\/\/muwe.ch\/2021\/wp-json\/wp\/v2\/pages"}],"about":[{"href":"https:\/\/muwe.ch\/2021\/wp-json\/wp\/v2\/types\/page"}],"author":[{"embeddable":true,"href":"https:\/\/muwe.ch\/2021\/wp-json\/wp\/v2\/users\/1"}],"replies":[{"embeddable":true,"href":"https:\/\/muwe.ch\/2021\/wp-json\/wp\/v2\/comments?post=140"}],"version-history":[{"count":29,"href":"https:\/\/muwe.ch\/2021\/wp-json\/wp\/v2\/pages\/140\/revisions"}],"predecessor-version":[{"id":1728,"href":"https:\/\/muwe.ch\/2021\/wp-json\/wp\/v2\/pages\/140\/revisions\/1728"}],"wp:attachment":[{"href":"https:\/\/muwe.ch\/2021\/wp-json\/wp\/v2\/media?parent=140"}],"curies":[{"name":"wp","href":"https:\/\/api.w.org\/{rel}","templated":true}]}}