{"id":216,"date":"2021-11-21T10:45:53","date_gmt":"2021-11-21T09:45:53","guid":{"rendered":"https:\/\/muwe.ch\/2021\/?page_id=216"},"modified":"2024-03-18T10:41:21","modified_gmt":"2024-03-18T09:41:21","slug":"reparaturen-service","status":"publish","type":"page","link":"https:\/\/muwe.ch\/2021\/reparaturen-service\/","title":{"rendered":"Reparaturen &#038; Service"},"content":{"rendered":"\t\t<div data-elementor-type=\"wp-page\" data-elementor-id=\"216\" class=\"elementor elementor-216\" data-elementor-post-type=\"page\">\n\t\t\t\t\t\t<section class=\"elementor-section elementor-top-section elementor-element elementor-element-2644d4a elementor-section-boxed elementor-section-height-default elementor-section-height-default\" data-id=\"2644d4a\" data-element_type=\"section\" data-e-type=\"section\">\n\t\t\t\t\t\t<div class=\"elementor-container elementor-column-gap-default\">\n\t\t\t\t\t<div class=\"elementor-column elementor-col-100 elementor-top-column elementor-element elementor-element-0f212cf\" data-id=\"0f212cf\" data-element_type=\"column\" data-e-type=\"column\">\n\t\t\t<div class=\"elementor-widget-wrap elementor-element-populated\">\n\t\t\t\t\t\t<div class=\"elementor-element elementor-element-34edfcd elementor-widget elementor-widget-text-editor\" data-id=\"34edfcd\" data-element_type=\"widget\" data-e-type=\"widget\" data-widget_type=\"text-editor.default\">\n\t\t\t\t<div class=\"elementor-widget-container\">\n\t\t\t\t\t\t\t\t\t<h2>Reparaturen &amp; Service<\/h2>\t\t\t\t\t\t\t\t<\/div>\n\t\t\t\t<\/div>\n\t\t\t\t\t<\/div>\n\t\t<\/div>\n\t\t\t\t\t<\/div>\n\t\t<\/section>\n\t\t\t\t<section class=\"elementor-section elementor-top-section elementor-element elementor-element-390ec47 elementor-section-boxed elementor-section-height-default elementor-section-height-default\" data-id=\"390ec47\" data-element_type=\"section\" data-e-type=\"section\">\n\t\t\t\t\t\t<div class=\"elementor-container elementor-column-gap-default\">\n\t\t\t\t\t<div class=\"elementor-column elementor-col-100 elementor-top-column elementor-element elementor-element-1a6195e\" data-id=\"1a6195e\" data-element_type=\"column\" data-e-type=\"column\">\n\t\t\t<div class=\"elementor-widget-wrap elementor-element-populated\">\n\t\t\t\t\t\t<div class=\"elementor-element elementor-element-edf93f2 elementor-widget elementor-widget-text-editor\" data-id=\"edf93f2\" data-element_type=\"widget\" data-e-type=\"widget\" data-widget_type=\"text-editor.default\">\n\t\t\t\t<div class=\"elementor-widget-container\">\n\t\t\t\t\t\t\t\t\t<h3>Ich habe meine Werkstatt aufgegeben, biete aber immer noch kleinere Dienstleistungen an:<\/h3><h4>Betreuung aller Instrumente aus der ehem. eigenen Produktion:<\/h4><ul><li>Streichpsalter und B\u00f6gen<\/li><li>Kantelen<\/li><li>T\u00fcrharfen<\/li><li>Monochorde, Syndawas<\/li><\/ul>\t\t\t\t\t\t\t\t<\/div>\n\t\t\t\t<\/div>\n\t\t\t\t\t<\/div>\n\t\t<\/div>\n\t\t\t\t\t<\/div>\n\t\t<\/section>\n\t\t\t\t<section class=\"elementor-section elementor-top-section elementor-element elementor-element-84585d0 elementor-section-boxed elementor-section-height-default elementor-section-height-default\" data-id=\"84585d0\" data-element_type=\"section\" data-e-type=\"section\">\n\t\t\t\t\t\t<div class=\"elementor-container elementor-column-gap-default\">\n\t\t\t\t\t<div class=\"elementor-column elementor-col-100 elementor-top-column elementor-element elementor-element-dec83b2\" data-id=\"dec83b2\" data-element_type=\"column\" data-e-type=\"column\">\n\t\t\t<div class=\"elementor-widget-wrap elementor-element-populated\">\n\t\t\t\t\t\t<div class=\"elementor-element elementor-element-db9f624 elementor-widget elementor-widget-text-editor\" data-id=\"db9f624\" data-element_type=\"widget\" data-e-type=\"widget\" data-widget_type=\"text-editor.default\">\n\t\t\t\t<div class=\"elementor-widget-container\">\n\t\t\t\t\t\t\t\t\t<h4>Zither Restaurationen<\/h4><ul><li>Instrumente stimmen und einzelne Wirbel ausf\u00fcttern.<\/li><li>einzelne Saiten ersetzen oder verkaufen. Auch Saitens\u00e4tze von handels\u00fcblichen Zithern auf Bestellung<\/li><li>Zithernoten Imola<\/li><li>Zitherspielringe, Stimmschl\u00fcssel<\/li><li>B\u00f6gen f\u00fcr Violinzithern<\/li><li>Und nat\u00fcrlich Betreuung unserer eigenen Instrumente<\/li><\/ul>\t\t\t\t\t\t\t\t<\/div>\n\t\t\t\t<\/div>\n\t\t\t\t\t<\/div>\n\t\t<\/div>\n\t\t\t\t\t<\/div>\n\t\t<\/section>\n\t\t\t\t<section class=\"elementor-section elementor-top-section elementor-element elementor-element-3041bfa elementor-section-boxed elementor-section-height-default elementor-section-height-default\" data-id=\"3041bfa\" data-element_type=\"section\" data-e-type=\"section\">\n\t\t\t\t\t\t<div class=\"elementor-container elementor-column-gap-default\">\n\t\t\t\t\t<div class=\"elementor-column elementor-col-100 elementor-top-column elementor-element elementor-element-85fb735\" data-id=\"85fb735\" data-element_type=\"column\" data-e-type=\"column\">\n\t\t\t<div class=\"elementor-widget-wrap elementor-element-populated\">\n\t\t\t\t\t\t<div class=\"elementor-element elementor-element-a2d0e36 elementor-widget elementor-widget-text-editor\" data-id=\"a2d0e36\" data-element_type=\"widget\" data-e-type=\"widget\" data-widget_type=\"text-editor.default\">\n\t\t\t\t<div class=\"elementor-widget-container\">\n\t\t\t\t\t\t\t\t\t<h4>Das Restaurieren und Beurteilen von Zithern habe ich an Herrn M\u00e4rke weitergegeben,\u00a0<\/h4><p>Der mit viel Sorgfalt, K\u00f6nnen und Begeisterung sich der Instrumente annimmt. Auch f\u00fcr nicht handels\u00fcbliche Saiten und Wirbel wenden Sie sich bitte an ihn:<\/p><p>Martin M\u00e4rke, Hauptstr. 46, 5075 Hornussen, 079 801 19 80, <a href=\"mailto:akkordzither@gmx.ch\"><strong>akkordzither@gmx.ch<\/strong><\/a><\/p>\t\t\t\t\t\t\t\t<\/div>\n\t\t\t\t<\/div>\n\t\t\t\t<div class=\"elementor-element elementor-element-41e08b1 elementor-widget elementor-widget-button\" data-id=\"41e08b1\" data-element_type=\"widget\" data-e-type=\"widget\" data-widget_type=\"button.default\">\n\t\t\t\t<div class=\"elementor-widget-container\">\n\t\t\t\t\t\t\t\t\t<div class=\"elementor-button-wrapper\">\n\t\t\t\t\t<a class=\"elementor-button elementor-button-link elementor-size-sm\" href=\"https:\/\/muwe.ch\/2021\/zithern-reparaturen\/\">\n\t\t\t\t\t\t<span class=\"elementor-button-content-wrapper\">\n\t\t\t\t\t\t<span class=\"elementor-button-icon\">\n\t\t\t\t<i aria-hidden=\"true\" class=\"fas fa-arrow-right\"><\/i>\t\t\t<\/span>\n\t\t\t\t\t\t\t\t\t<span class=\"elementor-button-text\">mehr Details Zithern allgemein<\/span>\n\t\t\t\t\t<\/span>\n\t\t\t\t\t<\/a>\n\t\t\t\t<\/div>\n\t\t\t\t\t\t\t\t<\/div>\n\t\t\t\t<\/div>\n\t\t\t\t\t<\/div>\n\t\t<\/div>\n\t\t\t\t\t<\/div>\n\t\t<\/section>\n\t\t\t\t<section class=\"elementor-section elementor-top-section elementor-element elementor-element-4e32d715 elementor-section-boxed elementor-section-height-default elementor-section-height-default\" data-id=\"4e32d715\" data-element_type=\"section\" data-e-type=\"section\">\n\t\t\t\t\t\t<div class=\"elementor-container elementor-column-gap-default\">\n\t\t\t\t\t<div class=\"elementor-column elementor-col-100 elementor-top-column elementor-element elementor-element-238236ac\" data-id=\"238236ac\" data-element_type=\"column\" data-e-type=\"column\">\n\t\t\t<div class=\"elementor-widget-wrap elementor-element-populated\">\n\t\t\t\t\t\t<div class=\"elementor-element elementor-element-7143d5fe elementor-widget elementor-widget-text-editor\" data-id=\"7143d5fe\" data-element_type=\"widget\" data-e-type=\"widget\" data-widget_type=\"text-editor.default\">\n\t\t\t\t<div class=\"elementor-widget-container\">\n\t\t\t\t\t\t\t\t\t<h3><span id=\"page3R_mcid2\" class=\"markedContent\"><\/span><span id=\"page3R_mcid3\" class=\"markedContent\"><span dir=\"ltr\" role=\"presentation\">Informationen zur Wertsch\u00e4tzung, Beu<\/span><span dir=\"ltr\" role=\"presentation\">rteilung, <\/span><span dir=\"ltr\" role=\"presentation\">Restauration und<\/span> <span dir=\"ltr\" role=\"presentation\">Reparatur<\/span><\/span><\/h3><p><a href=\"https:\/\/muwe.ch\/download\/muwe_zithern_rep.pdf\" target=\"_blank\" rel=\"noopener\">&gt; PDF zum herunterladen<\/a><\/p>\t\t\t\t\t\t\t\t<\/div>\n\t\t\t\t<\/div>\n\t\t\t\t\t<\/div>\n\t\t<\/div>\n\t\t\t\t\t<\/div>\n\t\t<\/section>\n\t\t\t\t<\/div>\n\t\t","protected":false},"excerpt":{"rendered":"<p>Reparaturen &amp; Service Ich habe meine Werkstatt aufgegeben, biete aber immer noch kleinere Dienstleistungen an: Betreuung aller Instrumente aus der ehem. eigenen Produktion: Streichpsalter und B\u00f6gen Kantelen T\u00fcrharfen Monochorde, Syndawas Zither Restaurationen Instrumente stimmen und einzelne Wirbel ausf\u00fcttern. einzelne Saiten ersetzen oder verkaufen. Auch Saitens\u00e4tze von handels\u00fcblichen Zithern auf Bestellung Zithernoten Imola Zitherspielringe, Stimmschl\u00fcssel B\u00f6gen [&hellip;]<\/p>\n","protected":false},"author":1,"featured_media":0,"parent":0,"menu_order":0,"comment_status":"closed","ping_status":"closed","template":"","meta":{"footnotes":""},"class_list":["post-216","page","type-page","status-publish","hentry"],"yoast_head":"<!-- This site is optimized with the Yoast SEO plugin v27.4 - https:\/\/yoast.com\/product\/yoast-seo-wordpress\/ -->\n<title>Reparaturen &amp; Service Musikwerkstatt Frauenfeld<\/title>\n<meta name=\"description\" content=\"Ich repariere restauriere weiterhin Zithern, alle Instrumente eigene Produktion: Streichpsalter, Kantelen, T\u00fcrharfen, Monochorde, Syndawas\" \/>\n<meta name=\"robots\" content=\"index, follow, max-snippet:-1, max-image-preview:large, max-video-preview:-1\" \/>\n<link rel=\"canonical\" href=\"https:\/\/muwe.ch\/2021\/reparaturen-service\/\" \/>\n<meta property=\"og:locale\" content=\"de_DE\" \/>\n<meta property=\"og:type\" content=\"article\" \/>\n<meta property=\"og:title\" content=\"Musikwerkstatt Frauenfeld\" \/>\n<meta property=\"og:description\" content=\"Ich repariere\/restauriere weiterhin: Alle Arten von Zithern, alle Instrumente aus der ehem. eigenen Produktion:Streichpsalter, Kantelen, T\u00fcrharfen, Monochorde, Syndawas\" \/>\n<meta property=\"og:url\" content=\"https:\/\/muwe.ch\/2021\/reparaturen-service\/\" \/>\n<meta property=\"og:site_name\" content=\"Musikwerkstatt Frauenfeld\" \/>\n<meta property=\"article:modified_time\" content=\"2024-03-18T09:41:21+00:00\" \/>\n<meta property=\"og:image\" content=\"https:\/\/muwe.ch\/2021\/wp-content\/uploads\/2021\/11\/haus01.jpg\" \/>\n\t<meta property=\"og:image:width\" content=\"500\" \/>\n\t<meta property=\"og:image:height\" content=\"355\" \/>\n\t<meta property=\"og:image:type\" content=\"image\/jpeg\" \/>\n<meta name=\"twitter:card\" content=\"summary_large_image\" \/>\n<meta name=\"twitter:title\" content=\"Musikwerkstatt Frauenfeld\" \/>\n<meta name=\"twitter:description\" content=\"Ich repariere\/restauriere weiterhin: Alle Arten von Zithern, alle Instrumente aus der ehem. eigenen Produktion:Streichpsalter, Kantelen, T\u00fcrharfen, Monochorde, Syndawas\" \/>\n<meta name=\"twitter:image\" content=\"https:\/\/muwe.ch\/2021\/wp-content\/uploads\/2021\/11\/haus01.jpg\" \/>\n<meta name=\"twitter:label1\" content=\"Gesch\u00e4tzte Lesezeit\" \/>\n\t<meta name=\"twitter:data1\" content=\"1\u00a0Minute\" \/>\n<script type=\"application\/ld+json\" class=\"yoast-schema-graph\">{\"@context\":\"https:\\\/\\\/schema.org\",\"@graph\":[{\"@type\":\"WebPage\",\"@id\":\"https:\\\/\\\/muwe.ch\\\/2021\\\/reparaturen-service\\\/\",\"url\":\"https:\\\/\\\/muwe.ch\\\/2021\\\/reparaturen-service\\\/\",\"name\":\"Reparaturen & Service Musikwerkstatt Frauenfeld\",\"isPartOf\":{\"@id\":\"https:\\\/\\\/muwe.ch\\\/2021\\\/#website\"},\"datePublished\":\"2021-11-21T09:45:53+00:00\",\"dateModified\":\"2024-03-18T09:41:21+00:00\",\"description\":\"Ich repariere restauriere weiterhin Zithern, alle Instrumente eigene Produktion: Streichpsalter, Kantelen, T\u00fcrharfen, Monochorde, Syndawas\",\"breadcrumb\":{\"@id\":\"https:\\\/\\\/muwe.ch\\\/2021\\\/reparaturen-service\\\/#breadcrumb\"},\"inLanguage\":\"de\",\"potentialAction\":[{\"@type\":\"ReadAction\",\"target\":[\"https:\\\/\\\/muwe.ch\\\/2021\\\/reparaturen-service\\\/\"]}]},{\"@type\":\"BreadcrumbList\",\"@id\":\"https:\\\/\\\/muwe.ch\\\/2021\\\/reparaturen-service\\\/#breadcrumb\",\"itemListElement\":[{\"@type\":\"ListItem\",\"position\":1,\"name\":\"Startseite\",\"item\":\"https:\\\/\\\/muwe.ch\\\/2021\\\/\"},{\"@type\":\"ListItem\",\"position\":2,\"name\":\"Reparaturen &#038; Service\"}]},{\"@type\":\"WebSite\",\"@id\":\"https:\\\/\\\/muwe.ch\\\/2021\\\/#website\",\"url\":\"https:\\\/\\\/muwe.ch\\\/2021\\\/\",\"name\":\"Musikwerkstatt Frauenfeld\",\"description\":\"Instrumenten Ausverkauf\",\"potentialAction\":[{\"@type\":\"SearchAction\",\"target\":{\"@type\":\"EntryPoint\",\"urlTemplate\":\"https:\\\/\\\/muwe.ch\\\/2021\\\/?s={search_term_string}\"},\"query-input\":{\"@type\":\"PropertyValueSpecification\",\"valueRequired\":true,\"valueName\":\"search_term_string\"}}],\"inLanguage\":\"de\"}]}<\/script>\n<!-- \/ Yoast SEO plugin. -->","yoast_head_json":{"title":"Reparaturen & Service Musikwerkstatt Frauenfeld","description":"Ich repariere restauriere weiterhin Zithern, alle Instrumente eigene Produktion: Streichpsalter, Kantelen, T\u00fcrharfen, Monochorde, Syndawas","robots":{"index":"index","follow":"follow","max-snippet":"max-snippet:-1","max-image-preview":"max-image-preview:large","max-video-preview":"max-video-preview:-1"},"canonical":"https:\/\/muwe.ch\/2021\/reparaturen-service\/","og_locale":"de_DE","og_type":"article","og_title":"Musikwerkstatt Frauenfeld","og_description":"Ich repariere\/restauriere weiterhin: Alle Arten von Zithern, alle Instrumente aus der ehem. eigenen Produktion:Streichpsalter, Kantelen, T\u00fcrharfen, Monochorde, Syndawas","og_url":"https:\/\/muwe.ch\/2021\/reparaturen-service\/","og_site_name":"Musikwerkstatt Frauenfeld","article_modified_time":"2024-03-18T09:41:21+00:00","og_image":[{"width":500,"height":355,"url":"https:\/\/muwe.ch\/2021\/wp-content\/uploads\/2021\/11\/haus01.jpg","type":"image\/jpeg"}],"twitter_card":"summary_large_image","twitter_title":"Musikwerkstatt Frauenfeld","twitter_description":"Ich repariere\/restauriere weiterhin: Alle Arten von Zithern, alle Instrumente aus der ehem. eigenen Produktion:Streichpsalter, Kantelen, T\u00fcrharfen, Monochorde, Syndawas","twitter_image":"https:\/\/muwe.ch\/2021\/wp-content\/uploads\/2021\/11\/haus01.jpg","twitter_misc":{"Gesch\u00e4tzte Lesezeit":"1\u00a0Minute"},"schema":{"@context":"https:\/\/schema.org","@graph":[{"@type":"WebPage","@id":"https:\/\/muwe.ch\/2021\/reparaturen-service\/","url":"https:\/\/muwe.ch\/2021\/reparaturen-service\/","name":"Reparaturen & Service Musikwerkstatt Frauenfeld","isPartOf":{"@id":"https:\/\/muwe.ch\/2021\/#website"},"datePublished":"2021-11-21T09:45:53+00:00","dateModified":"2024-03-18T09:41:21+00:00","description":"Ich repariere restauriere weiterhin Zithern, alle Instrumente eigene Produktion: Streichpsalter, Kantelen, T\u00fcrharfen, Monochorde, Syndawas","breadcrumb":{"@id":"https:\/\/muwe.ch\/2021\/reparaturen-service\/#breadcrumb"},"inLanguage":"de","potentialAction":[{"@type":"ReadAction","target":["https:\/\/muwe.ch\/2021\/reparaturen-service\/"]}]},{"@type":"BreadcrumbList","@id":"https:\/\/muwe.ch\/2021\/reparaturen-service\/#breadcrumb","itemListElement":[{"@type":"ListItem","position":1,"name":"Startseite","item":"https:\/\/muwe.ch\/2021\/"},{"@type":"ListItem","position":2,"name":"Reparaturen &#038; Service"}]},{"@type":"WebSite","@id":"https:\/\/muwe.ch\/2021\/#website","url":"https:\/\/muwe.ch\/2021\/","name":"Musikwerkstatt Frauenfeld","description":"Instrumenten Ausverkauf","potentialAction":[{"@type":"SearchAction","target":{"@type":"EntryPoint","urlTemplate":"https:\/\/muwe.ch\/2021\/?s={search_term_string}"},"query-input":{"@type":"PropertyValueSpecification","valueRequired":true,"valueName":"search_term_string"}}],"inLanguage":"de"}]}},"_links":{"self":[{"href":"https:\/\/muwe.ch\/2021\/wp-json\/wp\/v2\/pages\/216","targetHints":{"allow":["GET"]}}],"collection":[{"href":"https:\/\/muwe.ch\/2021\/wp-json\/wp\/v2\/pages"}],"about":[{"href":"https:\/\/muwe.ch\/2021\/wp-json\/wp\/v2\/types\/page"}],"author":[{"embeddable":true,"href":"https:\/\/muwe.ch\/2021\/wp-json\/wp\/v2\/users\/1"}],"replies":[{"embeddable":true,"href":"https:\/\/muwe.ch\/2021\/wp-json\/wp\/v2\/comments?post=216"}],"version-history":[{"count":53,"href":"https:\/\/muwe.ch\/2021\/wp-json\/wp\/v2\/pages\/216\/revisions"}],"predecessor-version":[{"id":1834,"href":"https:\/\/muwe.ch\/2021\/wp-json\/wp\/v2\/pages\/216\/revisions\/1834"}],"wp:attachment":[{"href":"https:\/\/muwe.ch\/2021\/wp-json\/wp\/v2\/media?parent=216"}],"curies":[{"name":"wp","href":"https:\/\/api.w.org\/{rel}","templated":true}]}}