{"id":304,"date":"2021-11-22T05:36:27","date_gmt":"2021-11-22T04:36:27","guid":{"rendered":"https:\/\/muwe.ch\/2021\/?page_id=304"},"modified":"2022-01-09T10:46:22","modified_gmt":"2022-01-09T09:46:22","slug":"instrumente-ausverkauf","status":"publish","type":"page","link":"https:\/\/muwe.ch\/2021\/instrumente-ausverkauf\/","title":{"rendered":"Instrumente Ausverkauf"},"content":{"rendered":"\t\t<div data-elementor-type=\"wp-page\" data-elementor-id=\"304\" class=\"elementor elementor-304\" data-elementor-post-type=\"page\">\n\t\t\t\t\t\t<section class=\"elementor-section elementor-top-section elementor-element elementor-element-5cc841d elementor-section-boxed elementor-section-height-default elementor-section-height-default\" data-id=\"5cc841d\" data-element_type=\"section\" data-e-type=\"section\">\n\t\t\t\t\t\t<div class=\"elementor-container elementor-column-gap-default\">\n\t\t\t\t\t<div class=\"elementor-column elementor-col-100 elementor-top-column elementor-element elementor-element-329f503\" data-id=\"329f503\" data-element_type=\"column\" data-e-type=\"column\">\n\t\t\t<div class=\"elementor-widget-wrap elementor-element-populated\">\n\t\t\t\t\t\t<div class=\"elementor-element elementor-element-ce55b23 elementor-widget elementor-widget-text-editor\" data-id=\"ce55b23\" data-element_type=\"widget\" data-e-type=\"widget\" data-widget_type=\"text-editor.default\">\n\t\t\t\t<div class=\"elementor-widget-container\">\n\t\t\t\t\t\t\t\t\t<h2>Instrumente Ausverkauf<\/h2>\t\t\t\t\t\t\t\t<\/div>\n\t\t\t\t<\/div>\n\t\t\t\t\t<\/div>\n\t\t<\/div>\n\t\t\t\t\t<\/div>\n\t\t<\/section>\n\t\t\t\t<section class=\"elementor-section elementor-top-section elementor-element elementor-element-7dba76a elementor-section-boxed elementor-section-height-default elementor-section-height-default\" data-id=\"7dba76a\" data-element_type=\"section\" data-e-type=\"section\">\n\t\t\t\t\t\t<div class=\"elementor-container elementor-column-gap-default\">\n\t\t\t\t\t<div class=\"elementor-column elementor-col-100 elementor-top-column elementor-element elementor-element-d073684\" data-id=\"d073684\" data-element_type=\"column\" data-e-type=\"column\">\n\t\t\t<div class=\"elementor-widget-wrap elementor-element-populated\">\n\t\t\t\t\t\t<div class=\"elementor-element elementor-element-39f00e3 elementor-widget elementor-widget-text-editor\" data-id=\"39f00e3\" data-element_type=\"widget\" data-e-type=\"widget\" data-widget_type=\"text-editor.default\">\n\t\t\t\t<div class=\"elementor-widget-container\">\n\t\t\t\t\t\t\t\t\t<p><strong>40 Jahre wurden in unserer Werkstatt Streich- und Zupfinstrumente in Handarbeit hergestellt<\/strong><\/p><p>Altershalber werde ich jetzt den Instrumentenbau loslassen.<\/p><p>Ich w\u00fcrde mich sehr freuen, gute Pl\u00e4tzchen f\u00fcr meine Instrumente zu finden.<\/p><p>Kommen Sie zu mir in die Werkstatt, spielen Sie auf den Instrumenten, lassen Sie sich von mir beraten.<\/p><p>Nach dem Kauf eines Instrumentes bin ich weiterhin f\u00fcr Reparaturen und Service f\u00fcr Sie da.<\/p><p>Elisabeth Reinhard<\/p>\t\t\t\t\t\t\t\t<\/div>\n\t\t\t\t<\/div>\n\t\t\t\t\t<\/div>\n\t\t<\/div>\n\t\t\t\t\t<\/div>\n\t\t<\/section>\n\t\t\t\t<section class=\"elementor-section elementor-top-section elementor-element elementor-element-de2f8fd elementor-section-boxed elementor-section-height-default elementor-section-height-default\" data-id=\"de2f8fd\" data-element_type=\"section\" data-e-type=\"section\">\n\t\t\t\t\t\t<div class=\"elementor-container elementor-column-gap-default\">\n\t\t\t\t\t<div class=\"elementor-column elementor-col-100 elementor-top-column elementor-element elementor-element-171e2e0\" data-id=\"171e2e0\" data-element_type=\"column\" data-e-type=\"column\">\n\t\t\t<div class=\"elementor-widget-wrap elementor-element-populated\">\n\t\t\t\t\t\t<div class=\"elementor-element elementor-element-9fe7780 elementor-widget elementor-widget-text-editor\" data-id=\"9fe7780\" data-element_type=\"widget\" data-e-type=\"widget\" data-widget_type=\"text-editor.default\">\n\t\t\t\t<div class=\"elementor-widget-container\">\n\t\t\t\t\t\t\t\t\t<h2>Angebots\u00fcbersicht<\/h2>\t\t\t\t\t\t\t\t<\/div>\n\t\t\t\t<\/div>\n\t\t\t\t\t<\/div>\n\t\t<\/div>\n\t\t\t\t\t<\/div>\n\t\t<\/section>\n\t\t\t\t<section class=\"elementor-section elementor-top-section elementor-element elementor-element-8068c9c elementor-section-boxed elementor-section-height-default elementor-section-height-default\" data-id=\"8068c9c\" data-element_type=\"section\" data-e-type=\"section\">\n\t\t\t\t\t\t<div class=\"elementor-container elementor-column-gap-default\">\n\t\t\t\t\t<div class=\"elementor-column elementor-col-25 elementor-top-column elementor-element elementor-element-d889908\" data-id=\"d889908\" data-element_type=\"column\" data-e-type=\"column\">\n\t\t\t<div class=\"elementor-widget-wrap elementor-element-populated\">\n\t\t\t\t\t\t<div class=\"elementor-element elementor-element-e3d86e6 elementor-widget elementor-widget-image\" data-id=\"e3d86e6\" data-element_type=\"widget\" data-e-type=\"widget\" data-widget_type=\"image.default\">\n\t\t\t\t<div class=\"elementor-widget-container\">\n\t\t\t\t\t\t\t\t\t\t\t\t\t\t\t<img decoding=\"async\" width=\"180\" height=\"135\" src=\"https:\/\/muwe.ch\/2021\/wp-content\/uploads\/2021\/11\/ps_tenor.jpg\" class=\"attachment-large size-large wp-image-49\" alt=\"Streichpsalter Familie Sopran, Alt, Tenor\" \/>\t\t\t\t\t\t\t\t\t\t\t\t\t\t\t<\/div>\n\t\t\t\t<\/div>\n\t\t\t\t<div class=\"elementor-element elementor-element-d9d4935 elementor-widget elementor-widget-text-editor\" data-id=\"d9d4935\" data-element_type=\"widget\" data-e-type=\"widget\" data-widget_type=\"text-editor.default\">\n\t\t\t\t<div class=\"elementor-widget-container\">\n\t\t\t\t\t\t\t\t\t<h3 style=\"text-align: left;\">Streichpsalter<\/h3>\t\t\t\t\t\t\t\t<\/div>\n\t\t\t\t<\/div>\n\t\t\t\t<div class=\"elementor-element elementor-element-b4381ed elementor-widget elementor-widget-button\" data-id=\"b4381ed\" data-element_type=\"widget\" data-e-type=\"widget\" data-widget_type=\"button.default\">\n\t\t\t\t<div class=\"elementor-widget-container\">\n\t\t\t\t\t\t\t\t\t<div class=\"elementor-button-wrapper\">\n\t\t\t\t\t<a class=\"elementor-button elementor-button-link elementor-size-sm\" href=\"https:\/\/muwe.ch\/2021\/angebote-streichpsalter\/%20\">\n\t\t\t\t\t\t<span class=\"elementor-button-content-wrapper\">\n\t\t\t\t\t\t<span class=\"elementor-button-icon\">\n\t\t\t\t<i aria-hidden=\"true\" class=\"fas fa-arrow-right\"><\/i>\t\t\t<\/span>\n\t\t\t\t\t\t\t\t\t<span class=\"elementor-button-text\">mehr Details und Preise<\/span>\n\t\t\t\t\t<\/span>\n\t\t\t\t\t<\/a>\n\t\t\t\t<\/div>\n\t\t\t\t\t\t\t\t<\/div>\n\t\t\t\t<\/div>\n\t\t\t\t\t<\/div>\n\t\t<\/div>\n\t\t\t\t<div class=\"elementor-column elementor-col-25 elementor-top-column elementor-element elementor-element-b8d8562\" data-id=\"b8d8562\" data-element_type=\"column\" data-e-type=\"column\">\n\t\t\t<div class=\"elementor-widget-wrap elementor-element-populated\">\n\t\t\t\t\t\t<div class=\"elementor-element elementor-element-e486e90 elementor-widget elementor-widget-image\" data-id=\"e486e90\" data-element_type=\"widget\" data-e-type=\"widget\" data-widget_type=\"image.default\">\n\t\t\t\t<div class=\"elementor-widget-container\">\n\t\t\t\t\t\t\t\t\t\t\t\t\t\t\t<img decoding=\"async\" src=\"https:\/\/muwe.ch\/2021\/wp-content\/uploads\/elementor\/thumbs\/kantele-rotated-q0og5c9k4wkyn3fq641khvzfdxbxpsjogxsx5llt6o.jpg\" title=\"kantele\" alt=\"Sopran Tenor Kantele diatonisch pentatonisch\" loading=\"lazy\" \/>\t\t\t\t\t\t\t\t\t\t\t\t\t\t\t<\/div>\n\t\t\t\t<\/div>\n\t\t\t\t<div class=\"elementor-element elementor-element-20a8220 elementor-widget elementor-widget-text-editor\" data-id=\"20a8220\" data-element_type=\"widget\" data-e-type=\"widget\" data-widget_type=\"text-editor.default\">\n\t\t\t\t<div class=\"elementor-widget-container\">\n\t\t\t\t\t\t\t\t\t<h3 style=\"text-align: left;\">Kantelen<\/h3>\t\t\t\t\t\t\t\t<\/div>\n\t\t\t\t<\/div>\n\t\t\t\t<div class=\"elementor-element elementor-element-7aa5514 elementor-widget elementor-widget-button\" data-id=\"7aa5514\" data-element_type=\"widget\" data-e-type=\"widget\" data-widget_type=\"button.default\">\n\t\t\t\t<div class=\"elementor-widget-container\">\n\t\t\t\t\t\t\t\t\t<div class=\"elementor-button-wrapper\">\n\t\t\t\t\t<a class=\"elementor-button elementor-button-link elementor-size-sm\" href=\"https:\/\/muwe.ch\/2021\/angebote-kantele\/\">\n\t\t\t\t\t\t<span class=\"elementor-button-content-wrapper\">\n\t\t\t\t\t\t<span class=\"elementor-button-icon\">\n\t\t\t\t<i aria-hidden=\"true\" class=\"fas fa-arrow-right\"><\/i>\t\t\t<\/span>\n\t\t\t\t\t\t\t\t\t<span class=\"elementor-button-text\">mehr Details und Preise<\/span>\n\t\t\t\t\t<\/span>\n\t\t\t\t\t<\/a>\n\t\t\t\t<\/div>\n\t\t\t\t\t\t\t\t<\/div>\n\t\t\t\t<\/div>\n\t\t\t\t\t<\/div>\n\t\t<\/div>\n\t\t\t\t<div class=\"elementor-column elementor-col-25 elementor-top-column elementor-element elementor-element-1f759bc\" data-id=\"1f759bc\" data-element_type=\"column\" data-e-type=\"column\">\n\t\t\t<div class=\"elementor-widget-wrap elementor-element-populated\">\n\t\t\t\t\t\t<div class=\"elementor-element elementor-element-596ceba elementor-widget elementor-widget-image\" data-id=\"596ceba\" data-element_type=\"widget\" data-e-type=\"widget\" data-widget_type=\"image.default\">\n\t\t\t\t<div class=\"elementor-widget-container\">\n\t\t\t\t\t\t\t\t\t\t\t\t\t\t\t<img decoding=\"async\" src=\"https:\/\/muwe.ch\/2021\/wp-content\/uploads\/elementor\/thumbs\/wh_main-q0og5c9k4wkyn3fq641khvzfdxbxpsjogxsx5llt6o.jpg\" title=\"wh_main\" alt=\"T\u00fcrharfe\" loading=\"lazy\" \/>\t\t\t\t\t\t\t\t\t\t\t\t\t\t\t<\/div>\n\t\t\t\t<\/div>\n\t\t\t\t<div class=\"elementor-element elementor-element-6fd8f98 elementor-widget elementor-widget-text-editor\" data-id=\"6fd8f98\" data-element_type=\"widget\" data-e-type=\"widget\" data-widget_type=\"text-editor.default\">\n\t\t\t\t<div class=\"elementor-widget-container\">\n\t\t\t\t\t\t\t\t\t<h3 style=\"text-align: left;\">T\u00fcrharfen<\/h3>\t\t\t\t\t\t\t\t<\/div>\n\t\t\t\t<\/div>\n\t\t\t\t<div class=\"elementor-element elementor-element-c7c0840 elementor-widget elementor-widget-button\" data-id=\"c7c0840\" data-element_type=\"widget\" data-e-type=\"widget\" data-widget_type=\"button.default\">\n\t\t\t\t<div class=\"elementor-widget-container\">\n\t\t\t\t\t\t\t\t\t<div class=\"elementor-button-wrapper\">\n\t\t\t\t\t<a class=\"elementor-button elementor-button-link elementor-size-sm\" href=\"https:\/\/muwe.ch\/2021\/angebote-tuerharfen\/\">\n\t\t\t\t\t\t<span class=\"elementor-button-content-wrapper\">\n\t\t\t\t\t\t<span class=\"elementor-button-icon\">\n\t\t\t\t<i aria-hidden=\"true\" class=\"fas fa-arrow-right\"><\/i>\t\t\t<\/span>\n\t\t\t\t\t\t\t\t\t<span class=\"elementor-button-text\">mehr Details und Preise<\/span>\n\t\t\t\t\t<\/span>\n\t\t\t\t\t<\/a>\n\t\t\t\t<\/div>\n\t\t\t\t\t\t\t\t<\/div>\n\t\t\t\t<\/div>\n\t\t\t\t\t<\/div>\n\t\t<\/div>\n\t\t\t\t<div class=\"elementor-column elementor-col-25 elementor-top-column elementor-element elementor-element-19f0a37\" data-id=\"19f0a37\" data-element_type=\"column\" data-e-type=\"column\">\n\t\t\t<div class=\"elementor-widget-wrap elementor-element-populated\">\n\t\t\t\t\t\t<div class=\"elementor-element elementor-element-320c996 elementor-widget elementor-widget-image\" data-id=\"320c996\" data-element_type=\"widget\" data-e-type=\"widget\" data-widget_type=\"image.default\">\n\t\t\t\t<div class=\"elementor-widget-container\">\n\t\t\t\t\t\t\t\t\t\t\t\t\t\t\t<img decoding=\"async\" src=\"https:\/\/muwe.ch\/2021\/wp-content\/uploads\/elementor\/thumbs\/zitherocc01-q0og5c9k4wkyn3fq641khvzfdxbxpsjogxsx5llt6o.jpg\" title=\"zitherocc01\" alt=\"Perfektazither\" loading=\"lazy\" \/>\t\t\t\t\t\t\t\t\t\t\t\t\t\t\t<\/div>\n\t\t\t\t<\/div>\n\t\t\t\t<div class=\"elementor-element elementor-element-19eb265 elementor-widget elementor-widget-text-editor\" data-id=\"19eb265\" data-element_type=\"widget\" data-e-type=\"widget\" data-widget_type=\"text-editor.default\">\n\t\t\t\t<div class=\"elementor-widget-container\">\n\t\t\t\t\t\t\t\t\t<h3 style=\"text-align: left;\">Zithern Occasionen<\/h3>\t\t\t\t\t\t\t\t<\/div>\n\t\t\t\t<\/div>\n\t\t\t\t<div class=\"elementor-element elementor-element-f022b6b elementor-widget elementor-widget-button\" data-id=\"f022b6b\" data-element_type=\"widget\" data-e-type=\"widget\" data-widget_type=\"button.default\">\n\t\t\t\t<div class=\"elementor-widget-container\">\n\t\t\t\t\t\t\t\t\t<div class=\"elementor-button-wrapper\">\n\t\t\t\t\t<a class=\"elementor-button elementor-button-link elementor-size-sm\" href=\"https:\/\/muwe.ch\/2021\/angebote-zithern\/\">\n\t\t\t\t\t\t<span class=\"elementor-button-content-wrapper\">\n\t\t\t\t\t\t<span class=\"elementor-button-icon\">\n\t\t\t\t<i aria-hidden=\"true\" class=\"fas fa-arrow-right\"><\/i>\t\t\t<\/span>\n\t\t\t\t\t\t\t\t\t<span class=\"elementor-button-text\">mehr Details und Preise<\/span>\n\t\t\t\t\t<\/span>\n\t\t\t\t\t<\/a>\n\t\t\t\t<\/div>\n\t\t\t\t\t\t\t\t<\/div>\n\t\t\t\t<\/div>\n\t\t\t\t\t<\/div>\n\t\t<\/div>\n\t\t\t\t\t<\/div>\n\t\t<\/section>\n\t\t\t\t<section class=\"elementor-section elementor-top-section elementor-element elementor-element-7dc65d5 elementor-section-boxed elementor-section-height-default elementor-section-height-default\" data-id=\"7dc65d5\" data-element_type=\"section\" data-e-type=\"section\">\n\t\t\t\t\t\t<div class=\"elementor-container elementor-column-gap-default\">\n\t\t\t\t\t<div class=\"elementor-column elementor-col-100 elementor-top-column elementor-element elementor-element-4eaec98\" data-id=\"4eaec98\" data-element_type=\"column\" data-e-type=\"column\">\n\t\t\t<div class=\"elementor-widget-wrap elementor-element-populated\">\n\t\t\t\t\t\t<div class=\"elementor-element elementor-element-8832022 elementor-widget elementor-widget-spacer\" data-id=\"8832022\" data-element_type=\"widget\" data-e-type=\"widget\" data-widget_type=\"spacer.default\">\n\t\t\t\t<div class=\"elementor-widget-container\">\n\t\t\t\t\t\t\t<div class=\"elementor-spacer\">\n\t\t\t<div class=\"elementor-spacer-inner\"><\/div>\n\t\t<\/div>\n\t\t\t\t\t\t<\/div>\n\t\t\t\t<\/div>\n\t\t\t\t\t<\/div>\n\t\t<\/div>\n\t\t\t\t\t<\/div>\n\t\t<\/section>\n\t\t\t\t<\/div>\n\t\t","protected":false},"excerpt":{"rendered":"<p>Instrumente Ausverkauf 40 Jahre wurden in unserer Werkstatt Streich- und Zupfinstrumente in Handarbeit hergestellt Altershalber werde ich jetzt den Instrumentenbau loslassen. Ich w\u00fcrde mich sehr freuen, gute Pl\u00e4tzchen f\u00fcr meine Instrumente zu finden. Kommen Sie zu mir in die Werkstatt, spielen Sie auf den Instrumenten, lassen Sie sich von mir beraten. Nach dem Kauf eines [&hellip;]<\/p>\n","protected":false},"author":1,"featured_media":0,"parent":0,"menu_order":0,"comment_status":"closed","ping_status":"closed","template":"","meta":{"footnotes":""},"class_list":["post-304","page","type-page","status-publish","hentry"],"yoast_head":"<!-- This site is optimized with the Yoast SEO plugin v27.4 - https:\/\/yoast.com\/product\/yoast-seo-wordpress\/ -->\n<title>Musikwerkstatt Frauenfeld Instrumente Ausverkauf<\/title>\n<meta name=\"description\" content=\"40 Jahre wurden in unserer Werkstatt Streich- und Zupfinstrumente in Handarbeit hergestellt. Grosser Ausverkauf wegen Pensionierung.\" \/>\n<meta name=\"robots\" content=\"index, follow, max-snippet:-1, max-image-preview:large, max-video-preview:-1\" \/>\n<link rel=\"canonical\" href=\"https:\/\/muwe.ch\/2021\/instrumente-ausverkauf\/\" \/>\n<meta property=\"og:locale\" content=\"de_DE\" \/>\n<meta property=\"og:type\" content=\"article\" \/>\n<meta property=\"og:title\" content=\"Musikwerkstatt Frauenfeld\" \/>\n<meta property=\"og:description\" content=\"40 Jahre wurden in unserer Werkstatt Streich- und Zupfinstrumente in Handarbeit hergestellt. Altershalber werde ich jetzt den Instrumentenbau loslassen. Ich w\u00fcrde mich sehr freuen, gute Pl\u00e4tzchen f\u00fcr meine Instrumente zu finden.\" \/>\n<meta property=\"og:url\" content=\"https:\/\/muwe.ch\/2021\/instrumente-ausverkauf\/\" \/>\n<meta property=\"og:site_name\" content=\"Musikwerkstatt Frauenfeld\" \/>\n<meta property=\"article:modified_time\" content=\"2022-01-09T09:46:22+00:00\" \/>\n<meta property=\"og:image\" content=\"https:\/\/muwe.ch\/2021\/wp-content\/uploads\/2021\/12\/psalter_01.jpg\" \/>\n\t<meta property=\"og:image:width\" content=\"1100\" \/>\n\t<meta property=\"og:image:height\" content=\"825\" \/>\n\t<meta property=\"og:image:type\" content=\"image\/jpeg\" \/>\n<meta name=\"twitter:card\" content=\"summary_large_image\" \/>\n<meta name=\"twitter:title\" content=\"Musikwerkstatt Frauenfeld\" \/>\n<meta name=\"twitter:description\" content=\"40 Jahre wurden in unserer Werkstatt Streich- und Zupfinstrumente in Handarbeit hergestellt. Altershalber werde ich jetzt den Instrumentenbau loslassen. Ich w\u00fcrde mich sehr freuen, gute Pl\u00e4tzchen f\u00fcr meine Instrumente zu finden.\" \/>\n<meta name=\"twitter:image\" content=\"https:\/\/muwe.ch\/2021\/wp-content\/uploads\/2021\/12\/psalter_01.jpg\" \/>\n<meta name=\"twitter:label1\" content=\"Gesch\u00e4tzte Lesezeit\" \/>\n\t<meta name=\"twitter:data1\" content=\"2\u00a0Minuten\" \/>\n<script type=\"application\/ld+json\" class=\"yoast-schema-graph\">{\"@context\":\"https:\\\/\\\/schema.org\",\"@graph\":[{\"@type\":\"WebPage\",\"@id\":\"https:\\\/\\\/muwe.ch\\\/2021\\\/instrumente-ausverkauf\\\/\",\"url\":\"https:\\\/\\\/muwe.ch\\\/2021\\\/instrumente-ausverkauf\\\/\",\"name\":\"Musikwerkstatt Frauenfeld Instrumente Ausverkauf\",\"isPartOf\":{\"@id\":\"https:\\\/\\\/muwe.ch\\\/2021\\\/#website\"},\"primaryImageOfPage\":{\"@id\":\"https:\\\/\\\/muwe.ch\\\/2021\\\/instrumente-ausverkauf\\\/#primaryimage\"},\"image\":{\"@id\":\"https:\\\/\\\/muwe.ch\\\/2021\\\/instrumente-ausverkauf\\\/#primaryimage\"},\"thumbnailUrl\":\"https:\\\/\\\/muwe.ch\\\/2021\\\/wp-content\\\/uploads\\\/2021\\\/11\\\/ps_tenor.jpg\",\"datePublished\":\"2021-11-22T04:36:27+00:00\",\"dateModified\":\"2022-01-09T09:46:22+00:00\",\"description\":\"40 Jahre wurden in unserer Werkstatt Streich- und Zupfinstrumente in Handarbeit hergestellt. Grosser Ausverkauf wegen Pensionierung.\",\"breadcrumb\":{\"@id\":\"https:\\\/\\\/muwe.ch\\\/2021\\\/instrumente-ausverkauf\\\/#breadcrumb\"},\"inLanguage\":\"de\",\"potentialAction\":[{\"@type\":\"ReadAction\",\"target\":[\"https:\\\/\\\/muwe.ch\\\/2021\\\/instrumente-ausverkauf\\\/\"]}]},{\"@type\":\"ImageObject\",\"inLanguage\":\"de\",\"@id\":\"https:\\\/\\\/muwe.ch\\\/2021\\\/instrumente-ausverkauf\\\/#primaryimage\",\"url\":\"https:\\\/\\\/muwe.ch\\\/2021\\\/wp-content\\\/uploads\\\/2021\\\/11\\\/ps_tenor.jpg\",\"contentUrl\":\"https:\\\/\\\/muwe.ch\\\/2021\\\/wp-content\\\/uploads\\\/2021\\\/11\\\/ps_tenor.jpg\",\"width\":180,\"height\":135,\"caption\":\"Streichpsalter Familie Sopran, Alt, Tenor\"},{\"@type\":\"BreadcrumbList\",\"@id\":\"https:\\\/\\\/muwe.ch\\\/2021\\\/instrumente-ausverkauf\\\/#breadcrumb\",\"itemListElement\":[{\"@type\":\"ListItem\",\"position\":1,\"name\":\"Startseite\",\"item\":\"https:\\\/\\\/muwe.ch\\\/2021\\\/\"},{\"@type\":\"ListItem\",\"position\":2,\"name\":\"Instrumente Ausverkauf\"}]},{\"@type\":\"WebSite\",\"@id\":\"https:\\\/\\\/muwe.ch\\\/2021\\\/#website\",\"url\":\"https:\\\/\\\/muwe.ch\\\/2021\\\/\",\"name\":\"Musikwerkstatt Frauenfeld\",\"description\":\"Instrumenten Ausverkauf\",\"potentialAction\":[{\"@type\":\"SearchAction\",\"target\":{\"@type\":\"EntryPoint\",\"urlTemplate\":\"https:\\\/\\\/muwe.ch\\\/2021\\\/?s={search_term_string}\"},\"query-input\":{\"@type\":\"PropertyValueSpecification\",\"valueRequired\":true,\"valueName\":\"search_term_string\"}}],\"inLanguage\":\"de\"}]}<\/script>\n<!-- \/ Yoast SEO plugin. -->","yoast_head_json":{"title":"Musikwerkstatt Frauenfeld Instrumente Ausverkauf","description":"40 Jahre wurden in unserer Werkstatt Streich- und Zupfinstrumente in Handarbeit hergestellt. Grosser Ausverkauf wegen Pensionierung.","robots":{"index":"index","follow":"follow","max-snippet":"max-snippet:-1","max-image-preview":"max-image-preview:large","max-video-preview":"max-video-preview:-1"},"canonical":"https:\/\/muwe.ch\/2021\/instrumente-ausverkauf\/","og_locale":"de_DE","og_type":"article","og_title":"Musikwerkstatt Frauenfeld","og_description":"40 Jahre wurden in unserer Werkstatt Streich- und Zupfinstrumente in Handarbeit hergestellt. Altershalber werde ich jetzt den Instrumentenbau loslassen. Ich w\u00fcrde mich sehr freuen, gute Pl\u00e4tzchen f\u00fcr meine Instrumente zu finden.","og_url":"https:\/\/muwe.ch\/2021\/instrumente-ausverkauf\/","og_site_name":"Musikwerkstatt Frauenfeld","article_modified_time":"2022-01-09T09:46:22+00:00","og_image":[{"width":1100,"height":825,"url":"https:\/\/muwe.ch\/2021\/wp-content\/uploads\/2021\/12\/psalter_01.jpg","type":"image\/jpeg"}],"twitter_card":"summary_large_image","twitter_title":"Musikwerkstatt Frauenfeld","twitter_description":"40 Jahre wurden in unserer Werkstatt Streich- und Zupfinstrumente in Handarbeit hergestellt. Altershalber werde ich jetzt den Instrumentenbau loslassen. Ich w\u00fcrde mich sehr freuen, gute Pl\u00e4tzchen f\u00fcr meine Instrumente zu finden.","twitter_image":"https:\/\/muwe.ch\/2021\/wp-content\/uploads\/2021\/12\/psalter_01.jpg","twitter_misc":{"Gesch\u00e4tzte Lesezeit":"2\u00a0Minuten"},"schema":{"@context":"https:\/\/schema.org","@graph":[{"@type":"WebPage","@id":"https:\/\/muwe.ch\/2021\/instrumente-ausverkauf\/","url":"https:\/\/muwe.ch\/2021\/instrumente-ausverkauf\/","name":"Musikwerkstatt Frauenfeld Instrumente Ausverkauf","isPartOf":{"@id":"https:\/\/muwe.ch\/2021\/#website"},"primaryImageOfPage":{"@id":"https:\/\/muwe.ch\/2021\/instrumente-ausverkauf\/#primaryimage"},"image":{"@id":"https:\/\/muwe.ch\/2021\/instrumente-ausverkauf\/#primaryimage"},"thumbnailUrl":"https:\/\/muwe.ch\/2021\/wp-content\/uploads\/2021\/11\/ps_tenor.jpg","datePublished":"2021-11-22T04:36:27+00:00","dateModified":"2022-01-09T09:46:22+00:00","description":"40 Jahre wurden in unserer Werkstatt Streich- und Zupfinstrumente in Handarbeit hergestellt. Grosser Ausverkauf wegen Pensionierung.","breadcrumb":{"@id":"https:\/\/muwe.ch\/2021\/instrumente-ausverkauf\/#breadcrumb"},"inLanguage":"de","potentialAction":[{"@type":"ReadAction","target":["https:\/\/muwe.ch\/2021\/instrumente-ausverkauf\/"]}]},{"@type":"ImageObject","inLanguage":"de","@id":"https:\/\/muwe.ch\/2021\/instrumente-ausverkauf\/#primaryimage","url":"https:\/\/muwe.ch\/2021\/wp-content\/uploads\/2021\/11\/ps_tenor.jpg","contentUrl":"https:\/\/muwe.ch\/2021\/wp-content\/uploads\/2021\/11\/ps_tenor.jpg","width":180,"height":135,"caption":"Streichpsalter Familie Sopran, Alt, Tenor"},{"@type":"BreadcrumbList","@id":"https:\/\/muwe.ch\/2021\/instrumente-ausverkauf\/#breadcrumb","itemListElement":[{"@type":"ListItem","position":1,"name":"Startseite","item":"https:\/\/muwe.ch\/2021\/"},{"@type":"ListItem","position":2,"name":"Instrumente Ausverkauf"}]},{"@type":"WebSite","@id":"https:\/\/muwe.ch\/2021\/#website","url":"https:\/\/muwe.ch\/2021\/","name":"Musikwerkstatt Frauenfeld","description":"Instrumenten Ausverkauf","potentialAction":[{"@type":"SearchAction","target":{"@type":"EntryPoint","urlTemplate":"https:\/\/muwe.ch\/2021\/?s={search_term_string}"},"query-input":{"@type":"PropertyValueSpecification","valueRequired":true,"valueName":"search_term_string"}}],"inLanguage":"de"}]}},"_links":{"self":[{"href":"https:\/\/muwe.ch\/2021\/wp-json\/wp\/v2\/pages\/304","targetHints":{"allow":["GET"]}}],"collection":[{"href":"https:\/\/muwe.ch\/2021\/wp-json\/wp\/v2\/pages"}],"about":[{"href":"https:\/\/muwe.ch\/2021\/wp-json\/wp\/v2\/types\/page"}],"author":[{"embeddable":true,"href":"https:\/\/muwe.ch\/2021\/wp-json\/wp\/v2\/users\/1"}],"replies":[{"embeddable":true,"href":"https:\/\/muwe.ch\/2021\/wp-json\/wp\/v2\/comments?post=304"}],"version-history":[{"count":41,"href":"https:\/\/muwe.ch\/2021\/wp-json\/wp\/v2\/pages\/304\/revisions"}],"predecessor-version":[{"id":1358,"href":"https:\/\/muwe.ch\/2021\/wp-json\/wp\/v2\/pages\/304\/revisions\/1358"}],"wp:attachment":[{"href":"https:\/\/muwe.ch\/2021\/wp-json\/wp\/v2\/media?parent=304"}],"curies":[{"name":"wp","href":"https:\/\/api.w.org\/{rel}","templated":true}]}}